{"id":2324,"date":"2021-07-16T10:31:38","date_gmt":"2021-07-16T10:31:37","guid":{"rendered":"https:\/\/www.tecmeinternational.it\/?post_type=product&#038;p=2324"},"modified":"2021-07-16T10:39:48","modified_gmt":"2021-07-16T10:39:48","slug":"carro-vibrante-inertizzato-rebi-30-usato","status":"publish","type":"product","link":"https:\/\/www.tecmeinternational.it\/it\/prodotto\/carro-vibrante-inertizzato-rebi-30-usato\/","title":{"rendered":"CARRO VIBRANTE INERTIZZATO \u2018REBI 30\u2019 (usato)"},"content":{"rendered":"<p>[et_pb_section fb_built=&#8221;1&#8243; inner_shadow=&#8221;on&#8221; _builder_version=&#8221;4.8.1&#8243; background_color=&#8221;#32262f&#8221; background_enable_image=&#8221;off&#8221; module_alignment=&#8221;center&#8221; height=&#8221;300px&#8221; custom_margin=&#8221;30px||0px||false|false&#8221; custom_padding=&#8221;0px||0px||false|false&#8221;][et_pb_row _builder_version=&#8221;3.25&#8243; background_size=&#8221;initial&#8221; background_position=&#8221;top_left&#8221; background_repeat=&#8221;repeat&#8221; width=&#8221;100%&#8221; custom_padding=&#8221;0px||0px||false|false&#8221;][et_pb_column type=&#8221;4_4&#8243; _builder_version=&#8221;3.25&#8243; custom_padding=&#8221;|||&#8221; custom_padding__hover=&#8221;|||&#8221;][et_pb_wc_title _builder_version=&#8221;4.8.1&#8243; header_font=&#8221;|||on|||||&#8221; header_text_align=&#8221;center&#8221; header_text_color=&#8221;#FFFFFF&#8221; header_font_size=&#8221;45px&#8221;][\/et_pb_wc_title][et_pb_wc_breadcrumb _builder_version=&#8221;4.8.1&#8243; body_text_color=&#8221;#FFFFFF&#8221; body_font_size=&#8221;15px&#8221; text_orientation=&#8221;center&#8221;][\/et_pb_wc_breadcrumb][\/et_pb_column][\/et_pb_row][\/et_pb_section][et_pb_section fb_built=&#8221;1&#8243; _builder_version=&#8221;3.22&#8243; min_height=&#8221;1469.7px&#8221; custom_padding=&#8221;0px||83px||false|false&#8221;][et_pb_row _builder_version=&#8221;4.8.1&#8243; _module_preset=&#8221;default&#8221; max_width=&#8221;1440px&#8221; custom_margin=&#8221;60px||||false|false&#8221; custom_padding=&#8221;0px||0px||false|false&#8221;][et_pb_column type=&#8221;4_4&#8243; _builder_version=&#8221;4.8.1&#8243; _module_preset=&#8221;default&#8221;][et_pb_video src=&#8221;https:\/\/www.youtube.com\/watch?v=UwF_1WOgX48&#8243; admin_label=&#8221;Video&#8221; _builder_version=&#8221;4.8.1&#8243; _module_preset=&#8221;default&#8221;][\/et_pb_video][\/et_pb_column][\/et_pb_row][et_pb_row column_structure=&#8221;1_2,1_2&#8243; use_custom_gutter=&#8221;on&#8221; gutter_width=&#8221;2&#8243; _builder_version=&#8221;4.8.1&#8243; _module_preset=&#8221;default&#8221; max_width=&#8221;1440px&#8221; custom_margin=&#8221;60px||||false|false&#8221; custom_padding=&#8221;0px||0px||false|false&#8221;][et_pb_column type=&#8221;1_2&#8243; _builder_version=&#8221;4.8.1&#8243; _module_preset=&#8221;default&#8221;][et_pb_image src=&#8221;https:\/\/www.tecmeinternational.it\/wp-content\/uploads\/2021\/05\/carro_02.logo_-1.jpg&#8221; title_text=&#8221;carro_02.logo&#8221; _builder_version=&#8221;4.8.1&#8243; _module_preset=&#8221;default&#8221;][\/et_pb_image][\/et_pb_column][et_pb_column type=&#8221;1_2&#8243; _builder_version=&#8221;4.8.1&#8243; _module_preset=&#8221;default&#8221;][et_pb_text _builder_version=&#8221;4.8.1&#8243; _module_preset=&#8221;default&#8221; max_width__hover_enabled=&#8221;off|desktop&#8221;]<\/p>\n<div class=\"embed-responsive embed-responsive-16by9\" style=\"text-align: justify\"><\/div>\n<div class=\"embed-responsive embed-responsive-16by9\" style=\"text-align: justify\"><\/div>\n<div class=\"embed-responsive embed-responsive-16by9\" style=\"text-align: justify\"><\/div>\n<div class=\"embed-responsive embed-responsive-16by9\" style=\"text-align: justify\"><span style=\"font-size: large;font-family: inherit;font-weight: normal\">La vendemmia meccanica, nonostante negli ultimi anni abbia fatto grandi passi avanti nel rispetto della materia prima, presenta ancora aspetti negativi quali la fuoriuscita del mosto dagli acini, spesso accentuati dai lunghi tempi fra la raccolta ed il conferimento in cantina.<\/span><\/div>\n<div class=\"embed-responsive embed-responsive-16by9\" style=\"text-align: justify\"><span style=\"font-size: large;font-family: inherit;font-weight: normal\"><\/span><\/div>\n<div class=\"embed-responsive embed-responsive-16by9\" style=\"text-align: justify\"><span style=\"font-size: large;font-family: inherit;font-weight: normal\"><\/span><\/div>\n<div class=\"embed-responsive embed-responsive-16by9\" style=\"text-align: justify\"><span style=\"font-size: large;font-family: inherit;font-weight: normal\"><\/span><\/div>\n<div class=\"embed-responsive embed-responsive-16by9\" style=\"text-align: justify\"><span style=\"font-family: inherit;font-weight: normal\">Il carro per il trasporto del vendemmiato messo a punto da Tecme International permette in primo luogo la separazione in campo tra la massa liquida e solida limitando in questo modo diversi effetti negativi quali l&#8217;ossidazione delle componenti fenoliche ed aromatiche, l&#8217;avvio di fermentazioni da parte di lieviti apiculati, la precoce macerazione delle bucce e la cessione di sentori sgradevoli da parte di foglie e raspi.<\/span> <span style=\"font-family: inherit;font-weight: normal\">Il carro vendemmia Tecme \u00e8 infatti dotato di un serbatoio in cui il prodotto solido viene separato dal mosto che \u00e8 raccolto per gravit\u00e0 in un invaso sottostante.<\/span> <span style=\"font-family: inherit;font-weight: normal\">Alla chiusura del portello di carico, si avvia in modo automatico il ciclo di inertizzazione con gas inerte (azoto o anidride carbonica).<\/span> <span style=\"font-family: inherit;font-weight: normal\">Il ciclo di inertizzazione, regolato da PLC, continua anche nella fase di trasporto alla cantina e si ripete automaticamente ad ogni scarico della vendemmiatrice.<\/span><\/div>\n<div class=\"embed-responsive embed-responsive-16by9\" style=\"text-align: justify\"><span style=\"font-size: large;font-family: inherit;font-weight: normal\">La speciale conformazione del carro, con benna completamente ermetica, consente il trasporto del vendemmiato in un ambiente chiuso e protetto, che ne garantisce l&#8217;assenza di contaminanti estranei e, non ultimo, una specie di condizionamento termico, evitando l&#8217;insolazione del prodotto.<\/span><\/div>\n<div class=\"embed-responsive embed-responsive-16by9\" style=\"text-align: justify\"><span style=\"font-family: inherit;font-weight: normal\">All&#8217;arrivo in cantina, la massa liquida pu\u00f2 essere immessa direttamente in vasca, mentre quella solida pu\u00f2 essere conferita direttamente in diraspatrice grazie al telaio elevabile nel massimo rispetto dell&#8217;integrit\u00e0 delle uve che solo uno scarico a vibrazione pu\u00f2 consentire.<\/span><\/div>\n<p>[\/et_pb_text][\/et_pb_column][\/et_pb_row][\/et_pb_section]<\/p>\n","protected":false},"excerpt":{"rendered":"<p>La vendemmia meccanica, nonostante negli ultimi anni abbia fatto grandi passi avanti nel rispetto della materia prima, presenta ancora aspetti negativi quali la fuoriuscita del mosto dagli acini, spesso accentuati dai lunghi tempi fra la raccolta ed il conferimento in cantina. Il carro per il trasporto del vendemmiato messo a punto da Tecme International permette [&hellip;]<\/p>\n","protected":false},"featured_media":995,"template":"","meta":{"_et_pb_use_builder":"on","_et_pb_old_content":"[et_pb_section fb_built=\"1\" inner_shadow=\"on\" _builder_version=\"4.8.1\" background_color=\"#32262f\" background_enable_image=\"off\" module_alignment=\"center\" height=\"300px\" custom_margin=\"30px||0px||false|false\" custom_padding=\"0px||0px||false|false\"][et_pb_row _builder_version=\"3.25\" background_size=\"initial\" background_position=\"top_left\" background_repeat=\"repeat\" width=\"100%\" custom_padding=\"0px||0px||false|false\"][et_pb_column type=\"4_4\" _builder_version=\"3.25\" custom_padding=\"|||\" custom_padding__hover=\"|||\"][et_pb_wc_title _builder_version=\"4.8.1\" header_font=\"|||on|||||\" header_text_align=\"center\" header_text_color=\"#FFFFFF\" header_font_size=\"45px\"][\/et_pb_wc_title][et_pb_wc_breadcrumb _builder_version=\"4.8.1\" body_text_color=\"#FFFFFF\" body_font_size=\"15px\" text_orientation=\"center\"][\/et_pb_wc_breadcrumb][\/et_pb_column][\/et_pb_row][\/et_pb_section][et_pb_section fb_built=\"1\" _builder_version=\"3.22\" min_height=\"1644.7px\" custom_padding=\"0px||83px||false|false\"][et_pb_row _builder_version=\"4.8.1\" _module_preset=\"default\" max_width=\"1440px\" custom_margin=\"60px||||false|false\" custom_padding=\"0px||0px||false|false\" hover_enabled=\"0\" sticky_enabled=\"0\"][et_pb_column type=\"4_4\" _builder_version=\"4.8.1\" _module_preset=\"default\"][et_pb_video src=\"https:\/\/www.youtube.com\/watch?v=UwF_1WOgX48\" admin_label=\"Video\" _builder_version=\"4.8.1\" _module_preset=\"default\" hover_enabled=\"0\" sticky_enabled=\"0\"][\/et_pb_video][\/et_pb_column][\/et_pb_row][et_pb_row column_structure=\"1_2,1_2\" _builder_version=\"4.8.1\" _module_preset=\"default\" max_width=\"1440px\" custom_margin=\"60px||||false|false\" custom_padding=\"0px||0px||false|false\" hover_enabled=\"0\" sticky_enabled=\"0\" use_custom_gutter=\"on\" gutter_width=\"2\"][et_pb_column type=\"1_2\" _builder_version=\"4.8.1\" _module_preset=\"default\"][et_pb_image src=\"https:\/\/www.tecmeinternational.it\/wp-content\/uploads\/2021\/05\/carro_02.logo_-1.jpg\" title_text=\"carro_02.logo\" _builder_version=\"4.8.1\" _module_preset=\"default\" hover_enabled=\"0\" sticky_enabled=\"0\"][\/et_pb_image][\/et_pb_column][et_pb_column type=\"1_2\" _builder_version=\"4.8.1\" _module_preset=\"default\"][et_pb_text _builder_version=\"4.8.1\" _module_preset=\"default\" hover_enabled=\"0\" max_width__hover_enabled=\"off|desktop\" sticky_enabled=\"0\"]\r\n<div class=\"embed-responsive embed-responsive-16by9\" style=\"text-align: justify\">Although great strides have been made in recent years in terms of respect for the newly harvested grape, mechanical harvesting continues to present a number of negative aspects. One of these is the loss of must from inside the berries, exacerbated by the length of time that passes between harvest and delivery to the winery.<\/div>\r\n<p style=\"text-align: justify\">The grape transport truck developed by Tecme International makes it possible, firstly, to separate the liquid from the solid parts at the time of harvest, thus minimising various negative effects, such as oxidation of the phenolic and aromatic components, the onset of fermentation due to the presence of apiculate yeasts, premature maceration of the skins and the release of unpleasant aromas from the leaves and stalks.<\/p>\r\n<p style=\"text-align: justify\">The Tecme harvesting truck is equipped with a tank where the solid material is separated from the must, which collects in a container below by means of gravity.<\/p>\r\n<p style=\"text-align: justify\">Closure of the receptacle door launches the automatic inerting cycle, which employs inert gases (nitrogen or carbon dioxide).<\/p>\r\n<p style=\"text-align: justify\">The inerting cycle, managed by a PLC, continues while the grapes are being transported to the winery and repeats automatically every time the harvester is emptied.<\/p>\r\n<p style=\"text-align: justify\">The special shape of the truck, with its completely hermetic bucket, makes it possible to transport the harvested grapes in a sealed and protected environment, which guarantees the total absence of foreign contaminants and, no less importantly, provides a cooler-type effect, preventing the grapes from becoming overheated by the sun.<\/p>\r\n<p style=\"text-align: justify\">Once the product arrives at the winery, the truck\u2019s adjustable bed can be raised so as to transfer the liquid material directly into tanks, while the solid material can be unloaded directly into destemmers or crushers \u2014 all this with the utmost respect for the integrity of the grapes that only a vibrating unloading system can provide.<\/p>\r\n[\/et_pb_text][\/et_pb_column][\/et_pb_row][et_pb_row _builder_version=\"4.8.1\" _module_preset=\"default\" max_width=\"1440px\" custom_margin=\"60px||||false|false\" custom_padding=\"0px||0px||false|false\" hover_enabled=\"0\" sticky_enabled=\"0\" use_custom_gutter=\"on\" gutter_width=\"2\"][et_pb_column type=\"4_4\" _builder_version=\"4.8.1\" _module_preset=\"default\"][et_pb_gallery gallery_ids=\"974,970,964\" _builder_version=\"4.8.1\" _module_preset=\"default\" z_index=\"62\" custom_margin=\"|-6px|-216px|||\" custom_padding=\"|0px||||\" animation_style=\"slide\" scroll_horizontal_motion=\"0|50|50|50|4|0|-4\" hover_enabled=\"0\" sticky_enabled=\"0\"][\/et_pb_gallery][\/et_pb_column][\/et_pb_row][\/et_pb_section]","_et_gb_content_width":""},"product_cat":[90],"product_tag":[],"_links":{"self":[{"href":"https:\/\/www.tecmeinternational.it\/it\/wp-json\/wp\/v2\/product\/2324"}],"collection":[{"href":"https:\/\/www.tecmeinternational.it\/it\/wp-json\/wp\/v2\/product"}],"about":[{"href":"https:\/\/www.tecmeinternational.it\/it\/wp-json\/wp\/v2\/types\/product"}],"wp:featuredmedia":[{"embeddable":true,"href":"https:\/\/www.tecmeinternational.it\/it\/wp-json\/wp\/v2\/media\/995"}],"wp:attachment":[{"href":"https:\/\/www.tecmeinternational.it\/it\/wp-json\/wp\/v2\/media?parent=2324"}],"wp:term":[{"taxonomy":"product_cat","embeddable":true,"href":"https:\/\/www.tecmeinternational.it\/it\/wp-json\/wp\/v2\/product_cat?post=2324"},{"taxonomy":"product_tag","embeddable":true,"href":"https:\/\/www.tecmeinternational.it\/it\/wp-json\/wp\/v2\/product_tag?post=2324"}],"curies":[{"name":"wp","href":"https:\/\/api.w.org\/{rel}","templated":true}]}}