{"id":1515,"date":"2021-05-26T13:08:33","date_gmt":"2021-05-26T13:08:33","guid":{"rendered":"https:\/\/www.tecmeinternational.it\/?post_type=product&#038;p=1515"},"modified":"2021-05-26T13:13:56","modified_gmt":"2021-05-26T13:13:56","slug":"tramogge-vibranti","status":"publish","type":"product","link":"https:\/\/www.tecmeinternational.it\/it\/prodotto\/tramogge-vibranti\/","title":{"rendered":"TRAMOGGE VIBRANTI"},"content":{"rendered":"<p>[et_pb_section fb_built=&#8221;1&#8243; inner_shadow=&#8221;on&#8221; _builder_version=&#8221;4.8.1&#8243; background_color=&#8221;#32262f&#8221; background_enable_image=&#8221;off&#8221; module_alignment=&#8221;center&#8221; height=&#8221;300px&#8221; custom_margin=&#8221;30px||0px||false|false&#8221; custom_padding=&#8221;0px||0px||false|false&#8221;][et_pb_row _builder_version=&#8221;3.25&#8243; background_size=&#8221;initial&#8221; background_position=&#8221;top_left&#8221; background_repeat=&#8221;repeat&#8221; width=&#8221;100%&#8221; custom_padding=&#8221;0px||0px||false|false&#8221;][et_pb_column type=&#8221;4_4&#8243; _builder_version=&#8221;3.25&#8243; custom_padding=&#8221;|||&#8221; custom_padding__hover=&#8221;|||&#8221;][et_pb_wc_title _builder_version=&#8221;4.8.1&#8243; header_font=&#8221;|||on|||||&#8221; header_text_align=&#8221;center&#8221; header_text_color=&#8221;#FFFFFF&#8221; header_font_size=&#8221;45px&#8221;][\/et_pb_wc_title][et_pb_wc_breadcrumb _builder_version=&#8221;4.8.1&#8243; body_text_color=&#8221;#FFFFFF&#8221; body_font_size=&#8221;15px&#8221; text_orientation=&#8221;center&#8221;][\/et_pb_wc_breadcrumb][\/et_pb_column][\/et_pb_row][\/et_pb_section][et_pb_section fb_built=&#8221;1&#8243; _builder_version=&#8221;4.8.1&#8243; custom_margin=&#8221;0px||0px||false|false&#8221; custom_padding=&#8221;0px||0px||false|false&#8221;][et_pb_row column_structure=&#8221;2_5,3_5&#8243; use_custom_gutter=&#8221;on&#8221; gutter_width=&#8221;2&#8243; _builder_version=&#8221;4.8.1&#8243; _module_preset=&#8221;default&#8221; max_width=&#8221;1440px&#8221; custom_margin=&#8221;60px||||false|false&#8221; custom_padding=&#8221;0px||0px||false|false&#8221;][et_pb_column type=&#8221;2_5&#8243; _builder_version=&#8221;4.8.1&#8243; _module_preset=&#8221;default&#8221;][et_pb_image src=&#8221;https:\/\/www.tecmeinternational.it\/wp-content\/uploads\/2021\/05\/TVbig-e1620209287161.jpg&#8221; title_text=&#8221;TVbig&#8221; _builder_version=&#8221;4.8.1&#8243; _module_preset=&#8221;default&#8221;][\/et_pb_image][\/et_pb_column][et_pb_column type=&#8221;3_5&#8243; _builder_version=&#8221;4.8.1&#8243; _module_preset=&#8221;default&#8221;][et_pb_text _builder_version=&#8221;4.8.1&#8243; _module_preset=&#8221;default&#8221; max_width__hover_enabled=&#8221;off|desktop&#8221;]<\/p>\n<p>La tramoggia vibrante permette di dosare lo scarico dell\u2019uva espandendola su tutta la larghezza della ricezione che pu\u00f2 essere ad esempio un tavolo di selezione a nastro.<\/p>\n<p>Con questo sistema \u00e8 possibile scaricare con maggiore velocit\u00e0 le cassette o i bins.<\/p>\n<p><span style=\"font-size: 14px\">L&#8217;avanzamento dell&#8217;uva avviene grazie alla vibrazione della vasca generata tramite due moto vibratori imbullonati ai lati della vasca stessa.<\/span><\/p>\n<p>La tramoggia appoggia su quattro antivibranti\u00a0 in gomma fissati al telaio.<\/p>\n<p>Struttura completamente in acciaio inox Aisi 304<\/p>\n<p><span style=\"font-size: 14px\">Pulsantiera di comando marcia\/arresto a bordo macchina.<\/span><\/p>\n<h3>Versioni con capacit\u00e0 di Kg 130, 250, 500.<\/h3>\n<p>&nbsp;<\/p>\n<p>[\/et_pb_text][\/et_pb_column][\/et_pb_row][et_pb_row use_custom_gutter=&#8221;on&#8221; gutter_width=&#8221;2&#8243; _builder_version=&#8221;4.8.1&#8243; _module_preset=&#8221;default&#8221; max_width=&#8221;1440px&#8221;][et_pb_column type=&#8221;4_4&#8243; _builder_version=&#8221;4.8.1&#8243; _module_preset=&#8221;default&#8221;][et_pb_gallery gallery_ids=&#8221;1016,1018,1011,1020&#8243; show_title_and_caption=&#8221;off&#8221; _builder_version=&#8221;4.8.1&#8243; _module_preset=&#8221;default&#8221;][\/et_pb_gallery][\/et_pb_column][\/et_pb_row][\/et_pb_section]<\/p>\n","protected":false},"excerpt":{"rendered":"<p>La tramoggia vibrante permette di dosare lo scarico dell\u2019uva espandendola su tutta la larghezza della ricezione che pu\u00f2 essere ad esempio un tavolo di selezione a nastro. Con questo sistema \u00e8 possibile scaricare con maggiore velocit\u00e0 le cassette o i bins. L&#8217;avanzamento dell&#8217;uva avviene grazie alla vibrazione della vasca generata tramite due moto vibratori imbullonati [&hellip;]<\/p>\n","protected":false},"featured_media":1008,"template":"","meta":{"_et_pb_use_builder":"on","_et_pb_old_content":"[et_pb_section fb_built=\"1\" inner_shadow=\"on\" _builder_version=\"4.8.1\" background_color=\"#32262f\" background_enable_image=\"off\" module_alignment=\"center\" height=\"300px\" custom_margin=\"30px||0px||false|false\" custom_padding=\"0px||0px||false|false\"][et_pb_row _builder_version=\"3.25\" background_size=\"initial\" background_position=\"top_left\" background_repeat=\"repeat\" width=\"100%\" custom_padding=\"0px||0px||false|false\"][et_pb_column type=\"4_4\" _builder_version=\"3.25\" custom_padding=\"|||\" custom_padding__hover=\"|||\"][et_pb_wc_title _builder_version=\"4.8.1\" header_font=\"|||on|||||\" header_text_align=\"center\" header_text_color=\"#FFFFFF\" header_font_size=\"45px\"][\/et_pb_wc_title][et_pb_wc_breadcrumb _builder_version=\"4.8.1\" body_text_color=\"#FFFFFF\" body_font_size=\"15px\" text_orientation=\"center\"][\/et_pb_wc_breadcrumb][\/et_pb_column][\/et_pb_row][\/et_pb_section][et_pb_section fb_built=\"1\" _builder_version=\"4.8.1\" hover_enabled=\"0\" custom_padding=\"0px||0px||false|false\" custom_margin=\"0px||0px||false|false\" sticky_enabled=\"0\"][et_pb_row column_structure=\"2_5,3_5\" _builder_version=\"4.8.1\" _module_preset=\"default\" max_width=\"1440px\" custom_margin=\"60px||||false|false\" custom_padding=\"0px||0px||false|false\" hover_enabled=\"0\" use_custom_gutter=\"on\" gutter_width=\"2\" sticky_enabled=\"0\"][et_pb_column type=\"2_5\" _builder_version=\"4.8.1\" _module_preset=\"default\"][et_pb_image src=\"https:\/\/www.tecmeinternational.it\/wp-content\/uploads\/2021\/05\/TVbig-e1620209287161.jpg\" title_text=\"TVbig\" _builder_version=\"4.8.1\" _module_preset=\"default\" hover_enabled=\"0\" sticky_enabled=\"0\"][\/et_pb_image][\/et_pb_column][et_pb_column type=\"3_5\" _builder_version=\"4.8.1\" _module_preset=\"default\"][et_pb_text _builder_version=\"4.8.1\" _module_preset=\"default\" hover_enabled=\"0\" max_width__hover_enabled=\"off|desktop\" sticky_enabled=\"0\"]\r\n\r\nThe vibrating hoppers TV series allow to dose the grape discharge by expanding it over the entire width of the reception which can be, for example, a belt sorting table. With this system it is possible to unload boxes or bins more quickly.\r\n\r\nThe advancement of the grapes takes place thanks to the vibration generated by two vibrating motors bolted to the sides of the hopper itself.\r\n\r\nThe hopper stands on four rubber anti-vibration mounts fixed to the frame.\r\n\r\nStructure completely in Aisi 304 stainless steel\r\n\r\nStart \/ stop control button on board the machine.\r\n<h3>Versions with capacity of Kg 130 - 250 - 500.<\/h3>\r\n[\/et_pb_text][\/et_pb_column][\/et_pb_row][et_pb_row _builder_version=\"4.8.1\" _module_preset=\"default\" hover_enabled=\"0\" max_width=\"1440px\" sticky_enabled=\"0\" use_custom_gutter=\"on\" gutter_width=\"2\"][et_pb_column type=\"4_4\" _builder_version=\"4.8.1\" _module_preset=\"default\"][et_pb_gallery gallery_ids=\"1015,1017,1010,1019\" show_title_and_caption=\"off\" _builder_version=\"4.8.1\" _module_preset=\"default\"][\/et_pb_gallery][\/et_pb_column][\/et_pb_row][\/et_pb_section]","_et_gb_content_width":""},"product_cat":[72],"product_tag":[],"_links":{"self":[{"href":"https:\/\/www.tecmeinternational.it\/it\/wp-json\/wp\/v2\/product\/1515"}],"collection":[{"href":"https:\/\/www.tecmeinternational.it\/it\/wp-json\/wp\/v2\/product"}],"about":[{"href":"https:\/\/www.tecmeinternational.it\/it\/wp-json\/wp\/v2\/types\/product"}],"wp:featuredmedia":[{"embeddable":true,"href":"https:\/\/www.tecmeinternational.it\/it\/wp-json\/wp\/v2\/media\/1008"}],"wp:attachment":[{"href":"https:\/\/www.tecmeinternational.it\/it\/wp-json\/wp\/v2\/media?parent=1515"}],"wp:term":[{"taxonomy":"product_cat","embeddable":true,"href":"https:\/\/www.tecmeinternational.it\/it\/wp-json\/wp\/v2\/product_cat?post=1515"},{"taxonomy":"product_tag","embeddable":true,"href":"https:\/\/www.tecmeinternational.it\/it\/wp-json\/wp\/v2\/product_tag?post=1515"}],"curies":[{"name":"wp","href":"https:\/\/api.w.org\/{rel}","templated":true}]}}