{"id":1440,"date":"2021-05-05T15:25:16","date_gmt":"2021-05-25T15:42:05","guid":{"rendered":"https:\/\/www.tecmeinternational.it\/?post_type=product&#038;p=1440"},"modified":"2021-05-25T15:45:42","modified_gmt":"2021-05-25T15:45:42","slug":"nastri-elevatori","status":"publish","type":"product","link":"https:\/\/www.tecmeinternational.it\/it\/prodotto\/nastri-elevatori\/","title":{"rendered":"NASTRI ELEVATORI"},"content":{"rendered":"<p>[et_pb_section fb_built=&#8221;1&#8243; inner_shadow=&#8221;on&#8221; _builder_version=&#8221;4.8.1&#8243; background_color=&#8221;#32262f&#8221; background_enable_image=&#8221;off&#8221; module_alignment=&#8221;center&#8221; height=&#8221;300px&#8221; custom_margin=&#8221;30px||0px||false|false&#8221; custom_padding=&#8221;0px||0px||false|false&#8221;][et_pb_row _builder_version=&#8221;3.25&#8243; background_size=&#8221;initial&#8221; background_position=&#8221;top_left&#8221; background_repeat=&#8221;repeat&#8221; width=&#8221;100%&#8221; custom_padding=&#8221;0px||0px||false|false&#8221;][et_pb_column type=&#8221;4_4&#8243; _builder_version=&#8221;3.25&#8243; custom_padding=&#8221;|||&#8221; custom_padding__hover=&#8221;|||&#8221;][et_pb_wc_title _builder_version=&#8221;4.8.1&#8243; header_font=&#8221;|||on|||||&#8221; header_text_align=&#8221;center&#8221; header_text_color=&#8221;#FFFFFF&#8221; header_font_size=&#8221;45px&#8221;][\/et_pb_wc_title][et_pb_wc_breadcrumb _builder_version=&#8221;4.8.1&#8243; body_text_color=&#8221;#FFFFFF&#8221; body_font_size=&#8221;15px&#8221; text_orientation=&#8221;center&#8221;][\/et_pb_wc_breadcrumb][\/et_pb_column][\/et_pb_row][\/et_pb_section][et_pb_section fb_built=&#8221;1&#8243; _builder_version=&#8221;3.22&#8243; custom_padding=&#8221;0px||3px||false|false&#8221;][et_pb_row _builder_version=&#8221;4.8.1&#8243; _module_preset=&#8221;default&#8221; max_width=&#8221;1440px&#8221; custom_margin=&#8221;60px||||false|false&#8221; custom_padding=&#8221;0px||0px||false|false&#8221;][et_pb_column type=&#8221;4_4&#8243; _builder_version=&#8221;4.8.1&#8243; _module_preset=&#8221;default&#8221;][et_pb_text _builder_version=&#8221;4.8.1&#8243; _module_preset=&#8221;default&#8221; inline_fonts=&#8221;Abel&#8221; max_width__hover_enabled=&#8221;off|desktop&#8221;]<\/p>\n<p><span style=\"font-size: large\">Nastri elevatori in acciaio inox, con tramoggia per cassette o per Bins. Dotato di carrello in acciaio inox regolabile in altezza grazie ad un martinetto idraulico. Il macchinario \u00e8 dotato di variatore di velocit\u00e0 ed \u00e8 fornito con raschiatore di pulizia del lato interno del tappeto con cassetto di raccolta degli scarti, facilmente estraibile e lavabile ed attacco pompa per estrazione liquido.<\/span><\/p>\n<p>&nbsp;<\/p>\n<h4>Larghezza del nastro standard di mm 400 con lunghezza che parte da 2750 mm a 6250 e oltre.<\/h4>\n<p>&nbsp;<\/p>\n<p>&nbsp;<\/p>\n<h4>Siamo in grado di fornire la giusta soluzione per il trasporto e l\u2019elevazione di uva.<\/h4>\n<h4><\/h4>\n<p>[\/et_pb_text][\/et_pb_column][\/et_pb_row][et_pb_row use_custom_gutter=&#8221;on&#8221; gutter_width=&#8221;1&#8243; _builder_version=&#8221;4.8.1&#8243; _module_preset=&#8221;default&#8221; max_width=&#8221;1440px&#8221; custom_margin=&#8221;7px|auto||auto|false|false&#8221; custom_padding=&#8221;0px||0px||false|false&#8221;][et_pb_column type=&#8221;4_4&#8243; _builder_version=&#8221;4.8.1&#8243; _module_preset=&#8221;default&#8221;][et_pb_gallery gallery_ids=&#8221;1081,1083,1079,1077&#8243; show_title_and_caption=&#8221;off&#8221; show_pagination=&#8221;off&#8221; _builder_version=&#8221;4.8.1&#8243; _module_preset=&#8221;default&#8221;][\/et_pb_gallery][\/et_pb_column][\/et_pb_row][\/et_pb_section]<\/p>\n","protected":false},"excerpt":{"rendered":"<p>Nastri elevatori in acciaio inox, con tramoggia per cassette o per Bins. Dotato di carrello in acciaio inox regolabile in altezza grazie ad un martinetto idraulico. Il macchinario \u00e8 dotato di variatore di velocit\u00e0 ed \u00e8 fornito con raschiatore di pulizia del lato interno del tappeto con cassetto di raccolta degli scarti, facilmente estraibile e [&hellip;]<\/p>\n","protected":false},"featured_media":1077,"template":"","meta":{"_et_pb_use_builder":"on","_et_pb_old_content":"[et_pb_section fb_built=\"1\" inner_shadow=\"on\" _builder_version=\"4.8.1\" background_color=\"#32262f\" background_enable_image=\"off\" module_alignment=\"center\" height=\"300px\" custom_margin=\"30px||0px||false|false\" custom_padding=\"0px||0px||false|false\"][et_pb_row _builder_version=\"3.25\" background_size=\"initial\" background_position=\"top_left\" background_repeat=\"repeat\" width=\"100%\" custom_padding=\"0px||0px||false|false\"][et_pb_column type=\"4_4\" _builder_version=\"3.25\" custom_padding=\"|||\" custom_padding__hover=\"|||\"][et_pb_wc_title _builder_version=\"4.8.1\" header_font=\"|||on|||||\" header_text_align=\"center\" header_text_color=\"#FFFFFF\" header_font_size=\"45px\"][\/et_pb_wc_title][et_pb_wc_breadcrumb _builder_version=\"4.8.1\" body_text_color=\"#FFFFFF\" body_font_size=\"15px\" text_orientation=\"center\"][\/et_pb_wc_breadcrumb][\/et_pb_column][\/et_pb_row][\/et_pb_section][et_pb_section fb_built=\"1\" _builder_version=\"3.22\" custom_padding=\"0px||3px||false|false\"][et_pb_row _builder_version=\"4.8.1\" _module_preset=\"default\" max_width=\"1440px\" custom_margin=\"60px||||false|false\" custom_padding=\"0px||0px||false|false\"][et_pb_column type=\"4_4\" _builder_version=\"4.8.1\" _module_preset=\"default\"][et_pb_text _builder_version=\"4.8.1\" _module_preset=\"default\" hover_enabled=\"0\" inline_fonts=\"Abel\" max_width__hover_enabled=\"off|desktop\" sticky_enabled=\"0\"]\r\n\r\nBelt Elevator in stainless steel, with hopper for boxes or Bins. The machine is e quipped with a stainless steel trolley with adjustable height by means of hydraulic jack. The machine is equipped with a speed variator and is supplied with a scraper for cleaning the internal side of the belt with a waste collection drawer, easily removable and washable. It has pump connection for liquid extraction.\r\n<h4>Standard belt:<\/h4>\r\n<ul>\r\n \t<li>width of mm 400<\/li>\r\n \t<li>length starting from mm 2750 to 6250 up.<\/li>\r\n<\/ul>\r\n<h4>We are able to provide the right solution for the transport and elevation of grapes.<\/h4>\r\n[\/et_pb_text][\/et_pb_column][\/et_pb_row][et_pb_row _builder_version=\"4.8.1\" _module_preset=\"default\" max_width=\"1440px\" custom_margin=\"7px|auto||auto|false|false\" custom_padding=\"0px||0px||false|false\" hover_enabled=\"0\" use_custom_gutter=\"on\" gutter_width=\"1\" sticky_enabled=\"0\"][et_pb_column type=\"4_4\" _builder_version=\"4.8.1\" _module_preset=\"default\"][et_pb_gallery gallery_ids=\"1080,1082,1078,1076\" _builder_version=\"4.8.1\" _module_preset=\"default\" hover_enabled=\"0\" sticky_enabled=\"0\" show_pagination=\"off\" show_title_and_caption=\"off\"][\/et_pb_gallery][\/et_pb_column][\/et_pb_row][\/et_pb_section]","_et_gb_content_width":""},"product_cat":[72],"product_tag":[],"_links":{"self":[{"href":"https:\/\/www.tecmeinternational.it\/it\/wp-json\/wp\/v2\/product\/1440"}],"collection":[{"href":"https:\/\/www.tecmeinternational.it\/it\/wp-json\/wp\/v2\/product"}],"about":[{"href":"https:\/\/www.tecmeinternational.it\/it\/wp-json\/wp\/v2\/types\/product"}],"wp:featuredmedia":[{"embeddable":true,"href":"https:\/\/www.tecmeinternational.it\/it\/wp-json\/wp\/v2\/media\/1077"}],"wp:attachment":[{"href":"https:\/\/www.tecmeinternational.it\/it\/wp-json\/wp\/v2\/media?parent=1440"}],"wp:term":[{"taxonomy":"product_cat","embeddable":true,"href":"https:\/\/www.tecmeinternational.it\/it\/wp-json\/wp\/v2\/product_cat?post=1440"},{"taxonomy":"product_tag","embeddable":true,"href":"https:\/\/www.tecmeinternational.it\/it\/wp-json\/wp\/v2\/product_tag?post=1440"}],"curies":[{"name":"wp","href":"https:\/\/api.w.org\/{rel}","templated":true}]}}