{"id":1432,"date":"2021-05-25T15:01:00","date_gmt":"2021-05-25T15:01:00","guid":{"rendered":"https:\/\/www.tecmeinternational.it\/?post_type=product&#038;p=1432"},"modified":"2021-06-15T10:36:04","modified_gmt":"2021-06-15T10:36:04","slug":"convogliatori-coclea","status":"publish","type":"product","link":"https:\/\/www.tecmeinternational.it\/it\/prodotto\/convogliatori-coclea\/","title":{"rendered":"CONVOGLIATORI A COCLEA"},"content":{"rendered":"<p>[et_pb_section fb_built=&#8221;1&#8243; inner_shadow=&#8221;on&#8221; _builder_version=&#8221;4.8.1&#8243; background_color=&#8221;#32262f&#8221; background_enable_image=&#8221;off&#8221; module_alignment=&#8221;center&#8221; height=&#8221;300px&#8221; custom_margin=&#8221;30px||0px||false|false&#8221; custom_padding=&#8221;0px||0px||false|false&#8221;][et_pb_row _builder_version=&#8221;3.25&#8243; background_size=&#8221;initial&#8221; background_position=&#8221;top_left&#8221; background_repeat=&#8221;repeat&#8221; width=&#8221;100%&#8221; custom_padding=&#8221;0px||0px||false|false&#8221;][et_pb_column type=&#8221;4_4&#8243; _builder_version=&#8221;3.25&#8243; custom_padding=&#8221;|||&#8221; custom_padding__hover=&#8221;|||&#8221;][et_pb_wc_title _builder_version=&#8221;4.8.1&#8243; header_font=&#8221;|||on|||||&#8221; header_text_align=&#8221;center&#8221; header_text_color=&#8221;#FFFFFF&#8221; header_font_size=&#8221;45px&#8221;][\/et_pb_wc_title][et_pb_wc_breadcrumb _builder_version=&#8221;4.8.1&#8243; body_text_color=&#8221;#FFFFFF&#8221; body_font_size=&#8221;15px&#8221; text_orientation=&#8221;center&#8221;][\/et_pb_wc_breadcrumb][\/et_pb_column][\/et_pb_row][\/et_pb_section][et_pb_section fb_built=&#8221;1&#8243; _builder_version=&#8221;4.9.7&#8243; custom_padding=&#8221;||||false|false&#8221; hover_enabled=&#8221;0&#8243; sticky_enabled=&#8221;0&#8243;][et_pb_row column_structure=&#8221;1_2,1_2&#8243; _builder_version=&#8221;4.9.7&#8243; _module_preset=&#8221;default&#8221; custom_margin=&#8221;||||false|false&#8221; custom_padding=&#8221;||||false|false&#8221; hover_enabled=&#8221;0&#8243; sticky_enabled=&#8221;0&#8243;][et_pb_column type=&#8221;1_2&#8243; _builder_version=&#8221;4.8.1&#8243; _module_preset=&#8221;default&#8221;][et_pb_text _builder_version=&#8221;4.9.7&#8243; _module_preset=&#8221;default&#8221; custom_margin=&#8221;||||false|false&#8221; custom_padding=&#8221;||||false|false&#8221; hover_enabled=&#8221;0&#8243; inline_fonts=&#8221;Abel&#8221; max_width__hover_enabled=&#8221;off|desktop&#8221; custom_margin_last_edited=&#8221;on|tablet&#8221; sticky_enabled=&#8221;0&#8243; custom_padding_last_edited=&#8221;on|tablet&#8221;]<\/p>\n<p>La coclea \u00e8 un sistema di trasporto particolarmente adatto per ottenere portate elevate a basse velocit\u00e0 angolari. \u00c8 costituito da un elicoide che, ruotando sul proprio asse, esercita una componente di spinta assiale sul materiale contenuto nel trasportatore.<\/p>\n<p>[\/et_pb_text][\/et_pb_column][et_pb_column type=&#8221;1_2&#8243; _builder_version=&#8221;4.8.1&#8243; _module_preset=&#8221;default&#8221;][et_pb_gallery gallery_ids=&#8221;1090,1116&#8243; fullwidth=&#8221;on&#8221; _builder_version=&#8221;4.9.7&#8243; _module_preset=&#8221;default&#8221; custom_margin=&#8221;||||false|false&#8221; custom_padding=&#8221;||||false|false&#8221; hover_enabled=&#8221;0&#8243; sticky_enabled=&#8221;0&#8243;][\/et_pb_gallery][\/et_pb_column][\/et_pb_row][\/et_pb_section]<\/p>\n","protected":false},"excerpt":{"rendered":"<p>La coclea \u00e8 un sistema di trasporto particolarmente adatto per ottenere portate elevate a basse velocit\u00e0 angolari. \u00c8 costituito da un elicoide che, ruotando sul proprio asse, esercita una componente di spinta assiale sul materiale contenuto nel trasportatore.<\/p>\n","protected":false},"featured_media":1090,"template":"","meta":{"_et_pb_use_builder":"on","_et_pb_old_content":"[et_pb_section fb_built=\"1\" inner_shadow=\"on\" _builder_version=\"4.8.1\" background_color=\"#32262f\" background_enable_image=\"off\" module_alignment=\"center\" height=\"300px\" custom_margin=\"30px||0px||false|false\" custom_padding=\"0px||0px||false|false\"][et_pb_row _builder_version=\"3.25\" background_size=\"initial\" background_position=\"top_left\" background_repeat=\"repeat\" width=\"100%\" custom_padding=\"0px||0px||false|false\"][et_pb_column type=\"4_4\" _builder_version=\"3.25\" custom_padding=\"|||\" custom_padding__hover=\"|||\"][et_pb_wc_title _builder_version=\"4.8.1\" header_font=\"|||on|||||\" header_text_align=\"center\" header_text_color=\"#FFFFFF\" header_font_size=\"45px\"][\/et_pb_wc_title][et_pb_wc_breadcrumb _builder_version=\"4.8.1\" body_text_color=\"#FFFFFF\" body_font_size=\"15px\" text_orientation=\"center\"][\/et_pb_wc_breadcrumb][\/et_pb_column][\/et_pb_row][\/et_pb_section][et_pb_section fb_built=\"1\" _builder_version=\"3.22\" custom_padding=\"0px||3px||false|false\"][et_pb_row column_structure=\"1_2,1_2\" _builder_version=\"4.8.1\" _module_preset=\"default\" max_width=\"1440px\" custom_margin=\"60px||||false|false\" custom_padding=\"0px||0px||false|false\"][et_pb_column type=\"1_2\" _builder_version=\"4.8.1\" _module_preset=\"default\"][et_pb_text _builder_version=\"4.8.1\" _module_preset=\"default\" hover_enabled=\"0\" inline_fonts=\"Abel\" max_width__hover_enabled=\"off|desktop\" sticky_enabled=\"0\"]\r\n\r\nThe screw conveyor is a transport system particularly suitable for achieving high flow rates at low angular speed. It consists of a helicoid which, rotating on its own axis, exerts an axial thrust component on the material contained in the conveyor.\r\n\r\n[\/et_pb_text][\/et_pb_column][et_pb_column type=\"1_2\" _builder_version=\"4.8.1\" _module_preset=\"default\"][et_pb_gallery gallery_ids=\"1089,1115\" posts_number=\"2\" _builder_version=\"4.8.1\" _module_preset=\"default\" width=\"100%\" max_width=\"100%\" max_height=\"1000px\" custom_margin=\"|-444px||||\" custom_padding=\"|0px|68px|||\" hover_enabled=\"0\" sticky_enabled=\"0\" show_title_and_caption=\"off\" show_pagination=\"off\"][\/et_pb_gallery][\/et_pb_column][\/et_pb_row][\/et_pb_section]","_et_gb_content_width":""},"product_cat":[73],"product_tag":[],"_links":{"self":[{"href":"https:\/\/www.tecmeinternational.it\/it\/wp-json\/wp\/v2\/product\/1432"}],"collection":[{"href":"https:\/\/www.tecmeinternational.it\/it\/wp-json\/wp\/v2\/product"}],"about":[{"href":"https:\/\/www.tecmeinternational.it\/it\/wp-json\/wp\/v2\/types\/product"}],"wp:featuredmedia":[{"embeddable":true,"href":"https:\/\/www.tecmeinternational.it\/it\/wp-json\/wp\/v2\/media\/1090"}],"wp:attachment":[{"href":"https:\/\/www.tecmeinternational.it\/it\/wp-json\/wp\/v2\/media?parent=1432"}],"wp:term":[{"taxonomy":"product_cat","embeddable":true,"href":"https:\/\/www.tecmeinternational.it\/it\/wp-json\/wp\/v2\/product_cat?post=1432"},{"taxonomy":"product_tag","embeddable":true,"href":"https:\/\/www.tecmeinternational.it\/it\/wp-json\/wp\/v2\/product_tag?post=1432"}],"curies":[{"name":"wp","href":"https:\/\/api.w.org\/{rel}","templated":true}]}}