{"id":1419,"date":"2021-05-25T13:33:09","date_gmt":"2021-05-25T14:02:04","guid":{"rendered":"https:\/\/www.tecmeinternational.it\/?post_type=product&#038;p=1419"},"modified":"2021-05-26T12:04:52","modified_gmt":"2021-05-26T12:04:52","slug":"diraspa-pigiatura","status":"publish","type":"product","link":"https:\/\/www.tecmeinternational.it\/it\/prodotto\/diraspa-pigiatura\/","title":{"rendered":"DIRASPA PIGIATURA"},"content":{"rendered":"<p>[et_pb_section fb_built=&#8221;1&#8243; inner_shadow=&#8221;on&#8221; _builder_version=&#8221;4.8.1&#8243; background_color=&#8221;#32262f&#8221; background_enable_image=&#8221;off&#8221; module_alignment=&#8221;center&#8221; height=&#8221;300px&#8221; custom_margin=&#8221;30px||0px||false|false&#8221; custom_padding=&#8221;0px||0px||false|false&#8221;][et_pb_row _builder_version=&#8221;3.25&#8243; background_size=&#8221;initial&#8221; background_position=&#8221;top_left&#8221; background_repeat=&#8221;repeat&#8221; width=&#8221;100%&#8221; custom_padding=&#8221;0px||0px||false|false&#8221;][et_pb_column type=&#8221;4_4&#8243; _builder_version=&#8221;3.25&#8243; custom_padding=&#8221;|||&#8221; custom_padding__hover=&#8221;|||&#8221;][et_pb_wc_title _builder_version=&#8221;4.8.1&#8243; header_font=&#8221;|||on|||||&#8221; header_text_align=&#8221;center&#8221; header_text_color=&#8221;#FFFFFF&#8221; header_font_size=&#8221;45px&#8221;][\/et_pb_wc_title][et_pb_wc_breadcrumb _builder_version=&#8221;4.8.1&#8243; body_text_color=&#8221;#FFFFFF&#8221; body_font_size=&#8221;15px&#8221; text_orientation=&#8221;center&#8221;][\/et_pb_wc_breadcrumb][\/et_pb_column][\/et_pb_row][\/et_pb_section][et_pb_section fb_built=&#8221;1&#8243; _builder_version=&#8221;4.8.1&#8243; custom_padding=&#8221;0px||50px||false|false&#8221;][et_pb_row column_structure=&#8221;1_3,2_3&#8243; _builder_version=&#8221;4.8.1&#8243; _module_preset=&#8221;default&#8221; max_width=&#8221;1440px&#8221; custom_margin=&#8221;60px||||false|false&#8221; custom_padding=&#8221;0px||0px||false|false&#8221;][et_pb_column type=&#8221;1_3&#8243; _builder_version=&#8221;4.8.1&#8243; _module_preset=&#8221;default&#8221;][et_pb_gallery gallery_ids=&#8221;1180,1182,1185,1421,1423&#8243; fullwidth=&#8221;on&#8221; _builder_version=&#8221;4.8.1&#8243; _module_preset=&#8221;default&#8221;][\/et_pb_gallery][\/et_pb_column][et_pb_column type=&#8221;2_3&#8243; _builder_version=&#8221;4.8.1&#8243; _module_preset=&#8221;default&#8221;][et_pb_text _builder_version=&#8221;4.8.1&#8243; _module_preset=&#8221;default&#8221; hover_enabled=&#8221;0&#8243; inline_fonts=&#8221;Abel&#8221; max_width__hover_enabled=&#8221;off|desktop&#8221; sticky_enabled=&#8221;0&#8243;]<\/p>\n<p>Diraspatrici \/ pigiatrici orizzontali, realizzate interamente in acciaio inox AISI 304, con gruppo di pigiatura dotato di regolazione esterna, in gomma alimentare.<\/p>\n<p>La coclea di alimentazione situata all&#8217;interno della tramoggia consente una distribuzione ideale del prodotto verso il gruppo gabbia-battitore. Tramite il variatore continuo di velocit\u00e0 \u00e8 possibile impostare i parametri di funzionamento dell&#8217;unit\u00e0, adattandoli alle effettive esigenze di lavoro.<\/p>\n<p>Ideale per uso combinato con pompe aspiranti, a girante ellittica o monovite.<\/p>\n<p>&nbsp;<\/p>\n<h3>Modelli con portate dai 40 a 200 quintali\/ora<\/h3>\n<p>[\/et_pb_text][\/et_pb_column][\/et_pb_row][\/et_pb_section]<\/p>\n","protected":false},"excerpt":{"rendered":"<p>Diraspatrici \/ pigiatrici orizzontali, realizzate interamente in acciaio inox AISI 304, con gruppo di pigiatura dotato di regolazione esterna, in gomma alimentare. La coclea di alimentazione situata all&#8217;interno della tramoggia consente una distribuzione ideale del prodotto verso il gruppo gabbia-battitore. Tramite il variatore continuo di velocit\u00e0 \u00e8 possibile impostare i parametri di funzionamento dell&#8217;unit\u00e0, adattandoli [&hellip;]<\/p>\n","protected":false},"featured_media":1185,"template":"","meta":{"_et_pb_use_builder":"on","_et_pb_old_content":"[et_pb_section fb_built=\"1\" inner_shadow=\"on\" _builder_version=\"4.8.1\" background_color=\"#32262f\" background_enable_image=\"off\" module_alignment=\"center\" height=\"300px\" custom_margin=\"30px||0px||false|false\" custom_padding=\"0px||0px||false|false\"][et_pb_row _builder_version=\"3.25\" background_size=\"initial\" background_position=\"top_left\" background_repeat=\"repeat\" width=\"100%\" custom_padding=\"0px||0px||false|false\"][et_pb_column type=\"4_4\" _builder_version=\"3.25\" custom_padding=\"|||\" custom_padding__hover=\"|||\"][et_pb_wc_title _builder_version=\"4.8.1\" header_font=\"|||on|||||\" header_text_align=\"center\" header_text_color=\"#FFFFFF\" header_font_size=\"45px\"][\/et_pb_wc_title][et_pb_wc_breadcrumb _builder_version=\"4.8.1\" body_text_color=\"#FFFFFF\" body_font_size=\"15px\" text_orientation=\"center\"][\/et_pb_wc_breadcrumb][\/et_pb_column][\/et_pb_row][\/et_pb_section][et_pb_section fb_built=\"1\" _builder_version=\"4.8.1\" custom_padding=\"0px||50px||false|false\" hover_enabled=\"0\" sticky_enabled=\"0\"][et_pb_row _builder_version=\"4.8.1\" _module_preset=\"default\" max_width=\"1440px\" custom_margin=\"60px||||false|false\" custom_padding=\"0px||0px||false|false\" hover_enabled=\"0\" column_structure=\"1_3,2_3\" sticky_enabled=\"0\"][et_pb_column type=\"1_3\" _builder_version=\"4.8.1\" _module_preset=\"default\"][et_pb_image _builder_version=\"4.8.1\" _module_preset=\"default\" title_text=\"_WB65816\" src=\"https:\/\/www.tecmeinternational.it\/wp-content\/uploads\/2021\/05\/WB65816.png\" hover_enabled=\"0\" sticky_enabled=\"0\"][\/et_pb_image][\/et_pb_column][et_pb_column type=\"2_3\" _builder_version=\"4.8.1\" _module_preset=\"default\"][et_pb_text _builder_version=\"4.8.1\" _module_preset=\"default\" hover_enabled=\"0\" inline_fonts=\"Abel\" max_width__hover_enabled=\"off|desktop\" sticky_enabled=\"0\"]\r\n\r\nHorizontal de-stemming\/crushing machines, made entirely in AISI 304 stainless steel, with a crushing unit equipped with external adjustment, in food-compatible rubber.\r\n\r\nThe feed auger located inside the hopper gives ideal product distribution towards the cage-beater assembly. The continuous speed variator can be used to set the unit\u2019s operating parameters, adapting them to the actual working needs.\r\n\r\nIdeal for combined use with suction, elliptical impeller or single screw pumps.\r\n\r\n[\/et_pb_text][\/et_pb_column][\/et_pb_row][\/et_pb_section]","_et_gb_content_width":""},"product_cat":[79],"product_tag":[],"_links":{"self":[{"href":"https:\/\/www.tecmeinternational.it\/it\/wp-json\/wp\/v2\/product\/1419"}],"collection":[{"href":"https:\/\/www.tecmeinternational.it\/it\/wp-json\/wp\/v2\/product"}],"about":[{"href":"https:\/\/www.tecmeinternational.it\/it\/wp-json\/wp\/v2\/types\/product"}],"wp:featuredmedia":[{"embeddable":true,"href":"https:\/\/www.tecmeinternational.it\/it\/wp-json\/wp\/v2\/media\/1185"}],"wp:attachment":[{"href":"https:\/\/www.tecmeinternational.it\/it\/wp-json\/wp\/v2\/media?parent=1419"}],"wp:term":[{"taxonomy":"product_cat","embeddable":true,"href":"https:\/\/www.tecmeinternational.it\/it\/wp-json\/wp\/v2\/product_cat?post=1419"},{"taxonomy":"product_tag","embeddable":true,"href":"https:\/\/www.tecmeinternational.it\/it\/wp-json\/wp\/v2\/product_tag?post=1419"}],"curies":[{"name":"wp","href":"https:\/\/api.w.org\/{rel}","templated":true}]}}