{"id":1339,"date":"2021-05-25T10:56:32","date_gmt":"2021-05-25T10:56:32","guid":{"rendered":"https:\/\/www.tecmeinternational.it\/?post_type=product&#038;p=1339"},"modified":"2021-05-25T11:00:53","modified_gmt":"2021-05-25T11:00:53","slug":"pompe-peristaltiche","status":"publish","type":"product","link":"https:\/\/www.tecmeinternational.it\/it\/prodotto\/pompe-peristaltiche\/","title":{"rendered":"POMPE PERISTALTICHE"},"content":{"rendered":"<p>[et_pb_section fb_built=&#8221;1&#8243; inner_shadow=&#8221;on&#8221; _builder_version=&#8221;4.8.1&#8243; background_color=&#8221;#32262f&#8221; background_enable_image=&#8221;off&#8221; module_alignment=&#8221;center&#8221; height=&#8221;300px&#8221; custom_margin=&#8221;30px||0px||false|false&#8221; custom_padding=&#8221;0px||0px||false|false&#8221;][et_pb_row _builder_version=&#8221;3.25&#8243; background_size=&#8221;initial&#8221; background_position=&#8221;top_left&#8221; background_repeat=&#8221;repeat&#8221; width=&#8221;100%&#8221; custom_padding=&#8221;0px||0px||false|false&#8221;][et_pb_column type=&#8221;4_4&#8243; _builder_version=&#8221;3.25&#8243; custom_padding=&#8221;|||&#8221; custom_padding__hover=&#8221;|||&#8221;][et_pb_wc_title _builder_version=&#8221;4.8.1&#8243; header_font=&#8221;|||on|||||&#8221; header_text_align=&#8221;center&#8221; header_text_color=&#8221;#FFFFFF&#8221; header_font_size=&#8221;45px&#8221;][\/et_pb_wc_title][et_pb_wc_breadcrumb _builder_version=&#8221;4.8.1&#8243; body_text_color=&#8221;#FFFFFF&#8221; body_font_size=&#8221;15px&#8221; text_orientation=&#8221;center&#8221;][\/et_pb_wc_breadcrumb][\/et_pb_column][\/et_pb_row][\/et_pb_section][et_pb_section fb_built=&#8221;1&#8243; _builder_version=&#8221;4.8.1&#8243; custom_padding=&#8221;0px||9px||false|false&#8221;][et_pb_row column_structure=&#8221;1_2,1_2&#8243; _builder_version=&#8221;4.8.1&#8243; _module_preset=&#8221;default&#8221; max_width=&#8221;1440px&#8221; custom_margin=&#8221;60px||||false|false&#8221; custom_padding=&#8221;0px||0px||false|false&#8221;][et_pb_column type=&#8221;1_2&#8243; _builder_version=&#8221;4.8.1&#8243; _module_preset=&#8221;default&#8221;][et_pb_image src=&#8221;https:\/\/www.tecmeinternational.it\/wp-content\/uploads\/2021\/05\/img_prod_grande_7.jpg&#8221; title_text=&#8221;img_prod_grande_7&#8243; _builder_version=&#8221;4.8.1&#8243; _module_preset=&#8221;default&#8221; hover_enabled=&#8221;0&#8243; sticky_enabled=&#8221;0&#8243;][\/et_pb_image][et_pb_image src=&#8221;https:\/\/www.tecmeinternational.it\/wp-content\/uploads\/2021\/05\/img_gallery_grande_1.jpg&#8221; title_text=&#8221;img_gallery_grande_1&#8243; _builder_version=&#8221;4.8.1&#8243; _module_preset=&#8221;default&#8221; box_shadow_style=&#8221;preset1&#8243;][\/et_pb_image][et_pb_image src=&#8221;https:\/\/www.tecmeinternational.it\/wp-content\/uploads\/2021\/05\/remote-control_2-1.jpg&#8221; title_text=&#8221;remote-control_2&#8243; _builder_version=&#8221;4.8.1&#8243; _module_preset=&#8221;default&#8221; box_shadow_style=&#8221;preset1&#8243;][\/et_pb_image][\/et_pb_column][et_pb_column type=&#8221;1_2&#8243; _builder_version=&#8221;4.8.1&#8243; _module_preset=&#8221;default&#8221;][et_pb_text _builder_version=&#8221;4.8.1&#8243; _module_preset=&#8221;default&#8221; custom_padding=&#8221;0px|||||&#8221; max_width__hover_enabled=&#8221;off|desktop&#8221;]<\/p>\n<h2><\/h2>\n<p style=\"text-align: justify\">\n<p style=\"text-align: justify\"><span style=\"color: #000000\">La pompa peristaltica \u00e8 il nuovo sistema soffice e delicato per il trasporto di fluidi pi\u00f9 o meno densi. La pompa \u00e8 adatta a lavorare con liquidi (vino, succhi di frutta, latte, olio), con prodotti semisolidi (uva intera, pigiata, diraspata, pomodoro, macedonia) o prodotti abrasivi (vinaccia, mangime, macinato, intonaco, calcestruzzo). Il principio di funzionamento di questa pompa si basa sulla pressione di rulli rotanti che, schiacciando in modo progressivo un tubo di gomma, pro- vocano la spinta del prodotto verso l\u2019uscita. L\u2019alternanza tra compressione e rilassamento del tubo genera un richiamo continuo del prodotto e di conseguenza una mandata co- stante. I vantaggi dati da questa pompa sono quelli di poter operare evitando ossidazioni, sbattimenti, emulsioni, schiacciamento di acini o vinaccioli ed il contatto tra pro- dotto ed elemento pompante<\/span><\/p>\n<h2><span style=\"font-size: medium;color: #000000\">SISTEMA VUOTO CONTINUO<\/span><\/h2>\n<p><span style=\"color: #000000\"><strong>Il sistema SCV, Sistema Vuoto Continuo, consiste nell\u2019applicazione di una pompa vuoto elettrica e di un vacuostato che favoriscono l\u2019apertura totale del tubo all\u2019interno della cassa a tenuta semiermetica. Il risultato \u00e8 di maggiori pre- stazioni nel travaso di prodotti abrasivi e minor schiacciamento del prodotto.<\/strong><\/span><\/p>\n<p><span style=\"color: #000000\"><strong><\/strong><\/span><\/p>\n<p><span style=\"color: #000000\"><strong>CARATTERISTICHE:<\/strong><\/span><\/p>\n<p><span style=\"color: #000000\">Corpo pompa in acciaio<\/span><\/p>\n<p><span style=\"color: #000000\">Rotore con due rulli montati su cuscinetti<\/span><\/p>\n<p><span style=\"color: #000000\">Doppio rotore con due rulli montati su cuscinetti (RP 60 doppia RP 80 doppia)<\/span><\/p>\n<p><span style=\"color: #000000\">Motoriduttore direttamente applicato all\u2019elemento portante<\/span><\/p>\n<p><span style=\"color: #000000\">Carrello autoportante in acciaio inox AISI 304<\/span><\/p>\n<p><span style=\"color: #000000\">Quadro elettrico con inversione di marcia e variazione di giri<\/span><\/p>\n<p><span style=\"color: #000000\">Tubo in gomma alimentare<\/span><\/p>\n<p><span style=\"color: #000000\">Doppio tubo in gomma alimentare (RP 60 doppia RP 80 doppia)<\/span><\/p>\n<p><span style=\"color: #000000\">Variatore di velocit\u00e0 \u201cInverter\u201d<\/span><\/p>\n<p><span style=\"color: #000000;font-size: 14px\"><strong>A RICHIESTA:<\/strong><\/span><\/p>\n<p><span style=\"color: #000000\">Tramoggia motorizzata con coclea e protezione<\/span><\/p>\n<p><span style=\"color: #000000\">By-pass con valvola meccanica<\/span><\/p>\n<p><span style=\"color: #000000\">Variatore meccanico<\/span><\/p>\n<p><span style=\"color: #000000\">Variatore elettronico \u201cInverter\u201d<\/span><\/p>\n<p><span style=\"color: #000000\">Pressostato di sicurezza<\/span><\/p>\n<p><span style=\"color: #000000\">SCV sistema vuoto continuo<\/span><\/p>\n<p>&nbsp;<\/p>\n<p>[\/et_pb_text][\/et_pb_column][\/et_pb_row][\/et_pb_section]<\/p>\n","protected":false},"excerpt":{"rendered":"<p>La pompa peristaltica \u00e8 il nuovo sistema soffice e delicato per il trasporto di fluidi pi\u00f9 o meno densi. La pompa \u00e8 adatta a lavorare con liquidi (vino, succhi di frutta, latte, olio), con prodotti semisolidi (uva intera, pigiata, diraspata, pomodoro, macedonia) o prodotti abrasivi (vinaccia, mangime, macinato, intonaco, calcestruzzo). Il principio di funzionamento di [&hellip;]<\/p>\n","protected":false},"featured_media":1130,"template":"","meta":{"_et_pb_use_builder":"on","_et_pb_old_content":"[et_pb_section fb_built=\"1\" inner_shadow=\"on\" _builder_version=\"4.8.1\" background_color=\"#32262f\" background_enable_image=\"off\" module_alignment=\"center\" height=\"300px\" custom_margin=\"30px||0px||false|false\" custom_padding=\"0px||0px||false|false\"][et_pb_row _builder_version=\"3.25\" background_size=\"initial\" background_position=\"top_left\" background_repeat=\"repeat\" width=\"100%\" custom_padding=\"0px||0px||false|false\"][et_pb_column type=\"4_4\" _builder_version=\"3.25\" custom_padding=\"|||\" custom_padding__hover=\"|||\"][et_pb_wc_title _builder_version=\"4.8.1\" header_font=\"|||on|||||\" header_text_align=\"center\" header_text_color=\"#FFFFFF\" header_font_size=\"45px\"][\/et_pb_wc_title][et_pb_wc_breadcrumb _builder_version=\"4.8.1\" body_text_color=\"#FFFFFF\" body_font_size=\"15px\" text_orientation=\"center\"][\/et_pb_wc_breadcrumb][\/et_pb_column][\/et_pb_row][\/et_pb_section][et_pb_section fb_built=\"1\" _builder_version=\"4.8.1\" custom_padding=\"0px||9px||false|false\"][et_pb_row column_structure=\"1_2,1_2\" _builder_version=\"4.8.1\" _module_preset=\"default\" max_width=\"1440px\" custom_margin=\"60px||||false|false\" custom_padding=\"0px||0px||false|false\"][et_pb_column type=\"1_2\" _builder_version=\"4.8.1\" _module_preset=\"default\"][et_pb_image src=\"https:\/\/www.tecmeinternational.it\/wp-content\/uploads\/2021\/05\/img_prod_grande_7.jpg\" title_text=\"img_prod_grande_7\" _builder_version=\"4.8.1\" _module_preset=\"default\"][\/et_pb_image][\/et_pb_column][et_pb_column type=\"1_2\" _builder_version=\"4.8.1\" _module_preset=\"default\"][et_pb_text _builder_version=\"4.8.1\" _module_preset=\"default\" hover_enabled=\"0\" max_width__hover_enabled=\"off|desktop\" sticky_enabled=\"0\"]\r\n<h2>RP SERIES<\/h2>\r\n<p style=\"text-align: justify\">The PERISTALTIC PUMP is the latest gentle and delicate system for the transfer of fluids with different kind of density.<\/p>\r\n<p style=\"text-align: justify\">The pump is suitable for working with liquids (wine, fruit juices, milk, oil), with semi-solid products (whole grapes, crushed, de-stemmed, tomato, fruit salad) or abrasive products (marc, feed, ground, plaster, concrete).<\/p>\r\n<p style=\"text-align: justify\">The operating principle of this pump is based on the pressure of rotating rollers which, by gradually crushing a rubber tube, cause the product to be pushed towards the outlet. The alternation between compression and relaxation of the tube generates a continuous product recall and consequently a constant delivery.<\/p>\r\n<p style=\"text-align: justify\">The advantages given by this pump are those of being able to operate avoiding oxidation, flapping, emulsions, crushing of berries or grape seeds and the contact between product and pumping element.<\/p>\r\n<p style=\"text-align: justify\">The<strong> SCV system, Continuous Vacuum System<\/strong>, consists in the application of an electric vacuum pump and a vacuum switch that favor the total opening of the tube inside the semi-hermetically sealed casing.<\/p>\r\n<p style=\"text-align: justify\">The result is greater performance in the transfer of abrasive products and less crushing of the product.<\/p>\r\n\r\n<h3>FEATURES:<\/h3>\r\n<ul>\r\n \t<li>Stainless Steel body AISI 304<\/li>\r\n \t<li>Rotor with two rollers mounted on bearings<\/li>\r\n \t<li>Flanged gearmotor on pump supported on two bearings<\/li>\r\n \t<li>Trolley in stainless steel<\/li>\r\n \t<li>Electric panel with reverse direction and speed variation<\/li>\r\n \t<li>\"Inverter\" speed variator<\/li>\r\n \t<li>Food Rubber hose<\/li>\r\n \t<li>Remote control<\/li>\r\n<\/ul>\r\n[\/et_pb_text][\/et_pb_column][\/et_pb_row][et_pb_row column_structure=\"1_2,1_2\" _builder_version=\"4.8.1\" _module_preset=\"default\" max_width=\"1440px\" custom_margin=\"60px||||false|false\" custom_padding=\"0px||0px||false|false\"][et_pb_column type=\"1_2\" _builder_version=\"4.8.1\" _module_preset=\"default\"][et_pb_image src=\"https:\/\/www.tecmeinternational.it\/wp-content\/uploads\/2021\/05\/img_gallery_grande_1.jpg\" _builder_version=\"4.8.1\" _module_preset=\"default\" title_text=\"img_gallery_grande_1\" hover_enabled=\"0\" sticky_enabled=\"0\" box_shadow_style=\"preset1\"][\/et_pb_image][\/et_pb_column][et_pb_column type=\"1_2\" _builder_version=\"4.8.1\" _module_preset=\"default\"][et_pb_image src=\"https:\/\/www.tecmeinternational.it\/wp-content\/uploads\/2021\/05\/remote-control_2-1.jpg\" _builder_version=\"4.8.1\" _module_preset=\"default\" title_text=\"remote-control_2\" hover_enabled=\"0\" sticky_enabled=\"0\" box_shadow_style=\"preset1\"][\/et_pb_image][\/et_pb_column][\/et_pb_row][\/et_pb_section]\r\n<p style=\"text-align: justify\"><\/p>","_et_gb_content_width":""},"product_cat":[74],"product_tag":[],"_links":{"self":[{"href":"https:\/\/www.tecmeinternational.it\/it\/wp-json\/wp\/v2\/product\/1339"}],"collection":[{"href":"https:\/\/www.tecmeinternational.it\/it\/wp-json\/wp\/v2\/product"}],"about":[{"href":"https:\/\/www.tecmeinternational.it\/it\/wp-json\/wp\/v2\/types\/product"}],"wp:featuredmedia":[{"embeddable":true,"href":"https:\/\/www.tecmeinternational.it\/it\/wp-json\/wp\/v2\/media\/1130"}],"wp:attachment":[{"href":"https:\/\/www.tecmeinternational.it\/it\/wp-json\/wp\/v2\/media?parent=1339"}],"wp:term":[{"taxonomy":"product_cat","embeddable":true,"href":"https:\/\/www.tecmeinternational.it\/it\/wp-json\/wp\/v2\/product_cat?post=1339"},{"taxonomy":"product_tag","embeddable":true,"href":"https:\/\/www.tecmeinternational.it\/it\/wp-json\/wp\/v2\/product_tag?post=1339"}],"curies":[{"name":"wp","href":"https:\/\/api.w.org\/{rel}","templated":true}]}}