{"id":1277,"date":"2021-05-25T09:05:45","date_gmt":"2021-05-25T09:05:45","guid":{"rendered":"https:\/\/www.tecmeinternational.it\/?post_type=product&#038;p=1277"},"modified":"2021-06-15T10:25:42","modified_gmt":"2021-06-15T10:25:42","slug":"follatore-automatico-apollo","status":"publish","type":"product","link":"https:\/\/www.tecmeinternational.it\/it\/prodotto\/follatore-automatico-apollo\/","title":{"rendered":"Follatore automatico Apollo"},"content":{"rendered":"<p>[et_pb_section fb_built=&#8221;1&#8243; inner_shadow=&#8221;on&#8221; _builder_version=&#8221;4.8.1&#8243; background_color=&#8221;#32262f&#8221; background_enable_image=&#8221;off&#8221; module_alignment=&#8221;center&#8221; height=&#8221;300px&#8221; custom_margin=&#8221;30px||0px||false|false&#8221; custom_padding=&#8221;0px||0px||false|false&#8221;][et_pb_row _builder_version=&#8221;3.25&#8243; background_size=&#8221;initial&#8221; background_position=&#8221;top_left&#8221; background_repeat=&#8221;repeat&#8221; width=&#8221;100%&#8221; custom_padding=&#8221;0px||0px||false|false&#8221;][et_pb_column type=&#8221;4_4&#8243; _builder_version=&#8221;3.25&#8243; custom_padding=&#8221;|||&#8221; custom_padding__hover=&#8221;|||&#8221;][et_pb_wc_title _builder_version=&#8221;4.8.1&#8243; header_font=&#8221;|||on|||||&#8221; header_text_align=&#8221;center&#8221; header_text_color=&#8221;#FFFFFF&#8221; header_font_size=&#8221;45px&#8221;][\/et_pb_wc_title][et_pb_wc_breadcrumb _builder_version=&#8221;4.8.1&#8243; body_text_color=&#8221;#FFFFFF&#8221; body_font_size=&#8221;15px&#8221; text_orientation=&#8221;center&#8221;][\/et_pb_wc_breadcrumb][\/et_pb_column][\/et_pb_row][\/et_pb_section][et_pb_section fb_built=&#8221;1&#8243; _builder_version=&#8221;4.9.7&#8243; custom_margin=&#8221;0px||||false|false&#8221; custom_padding=&#8221;0px||50px||false|false&#8221; hover_enabled=&#8221;0&#8243; sticky_enabled=&#8221;0&#8243;][et_pb_row _builder_version=&#8221;4.8.1&#8243; _module_preset=&#8221;default&#8221; max_width=&#8221;1440px&#8221; custom_margin=&#8221;0px||||false|false&#8221; custom_padding=&#8221;0px||0px||false|false&#8221;][et_pb_column type=&#8221;4_4&#8243; _builder_version=&#8221;4.8.1&#8243; _module_preset=&#8221;default&#8221;][et_pb_video src=&#8221;https:\/\/www.youtube.com\/watch?v=SuznVwp6CuE&#8221; admin_label=&#8221;Video&#8221; _builder_version=&#8221;4.9.7&#8243; _module_preset=&#8221;default&#8221; custom_padding=&#8221;55px||||false|false&#8221; hover_enabled=&#8221;0&#8243; sticky_enabled=&#8221;0&#8243;][\/et_pb_video][\/et_pb_column][\/et_pb_row][et_pb_row column_structure=&#8221;1_2,1_2&#8243; _builder_version=&#8221;4.8.1&#8243; _module_preset=&#8221;default&#8221; max_width=&#8221;1440px&#8221; custom_margin=&#8221;60px||||false|false&#8221; custom_padding=&#8221;0px||0px||false|false&#8221;][et_pb_column type=&#8221;1_2&#8243; _builder_version=&#8221;4.8.1&#8243; _module_preset=&#8221;default&#8221;][et_pb_gallery gallery_ids=&#8221;1224,1229,1233,1227,1235&#8243; fullwidth=&#8221;on&#8221; _builder_version=&#8221;4.8.1&#8243; _module_preset=&#8221;default&#8221; z_index=&#8221;62&#8243; animation_style=&#8221;slide&#8221; auto=&#8221;on&#8221; scroll_horizontal_motion=&#8221;0|50|50|50|4|0|-4&#8243;][\/et_pb_gallery][\/et_pb_column][et_pb_column type=&#8221;1_2&#8243; _builder_version=&#8221;4.8.1&#8243; _module_preset=&#8221;default&#8221;][et_pb_text _builder_version=&#8221;4.9.7&#8243; _module_preset=&#8221;default&#8221; hover_enabled=&#8221;0&#8243; max_width__hover_enabled=&#8221;off|desktop&#8221; sticky_enabled=&#8221;0&#8243;]<\/p>\n<p>Il Follatore Tecme Apollo \u00e8 una macchina follatrice automatica costruita su telaio in acciaio inox Aisi 304 con 4 ruote. L&#8217;impianto \u00e8 mobile in modo da essere posto sopra la vasca di fermentazione per consentire il ciclo di follature alle vinacce.<\/p>\n<p>Il disco di follatura esegue pi\u00f9 spinte all&#8217;interno della vasca in posizioni predeterminate, partendo automaticamente dalla posizione centrale spostandosi poi in tutta la zona circostante, riuscendo cos\u00ec a coprire l&#8217;intera superficie della vasca.<\/p>\n<p>Il ciclo \u00e8 gestito da un PLC con programmi differenti a seconda del metodo di lavoro. Il sistema \u00e8 completato da un doppio cilindro pneumatico che permette di ottenere maggiore profondit\u00e0 nel processo di follatura.<\/p>\n<p>I cilindri sono realizzati in acciaio inox lucido per garantire una migliore condizione di pulizia \/ igiene.<\/p>\n<p>&nbsp;<\/p>\n<p>[\/et_pb_text][\/et_pb_column][\/et_pb_row][\/et_pb_section]<\/p>\n","protected":false},"excerpt":{"rendered":"<p>Il Follatore Tecme Apollo \u00e8 una macchina follatrice automatica costruita su telaio in acciaio inox Aisi 304 con 4 ruote. L&#8217;impianto \u00e8 mobile in modo da essere posto sopra la vasca di fermentazione per consentire il ciclo di follature alle vinacce. Il disco di follatura esegue pi\u00f9 spinte all&#8217;interno della vasca in posizioni predeterminate, partendo [&hellip;]<\/p>\n","protected":false},"featured_media":1220,"template":"","meta":{"_et_pb_use_builder":"on","_et_pb_old_content":"[et_pb_section fb_built=\"1\" inner_shadow=\"on\" _builder_version=\"4.8.1\" background_color=\"#32262f\" background_enable_image=\"off\" module_alignment=\"center\" height=\"300px\" custom_margin=\"30px||0px||false|false\" custom_padding=\"0px||0px||false|false\" hover_enabled=\"0\" sticky_enabled=\"0\"][et_pb_row _builder_version=\"3.25\" background_size=\"initial\" background_position=\"top_left\" background_repeat=\"repeat\" width=\"100%\" custom_padding=\"0px||0px||false|false\"][et_pb_column type=\"4_4\" _builder_version=\"3.25\" custom_padding=\"|||\" custom_padding__hover=\"|||\"][et_pb_wc_title _builder_version=\"4.8.1\" header_font=\"|||on|||||\" header_text_align=\"center\" header_text_color=\"#FFFFFF\" header_font_size=\"45px\"][\/et_pb_wc_title][et_pb_wc_breadcrumb _builder_version=\"4.8.1\" body_text_color=\"#FFFFFF\" body_font_size=\"15px\" text_orientation=\"center\"][\/et_pb_wc_breadcrumb][\/et_pb_column][\/et_pb_row][\/et_pb_section][et_pb_section fb_built=\"1\" _builder_version=\"4.8.1\" min_height=\"1533.7px\" custom_padding=\"0px||50px||false|false\" hover_enabled=\"0\" custom_margin=\"0px||||false|false\" sticky_enabled=\"0\"][et_pb_row _builder_version=\"4.8.1\" _module_preset=\"default\" max_width=\"1440px\" custom_margin=\"0px||||false|false\" custom_padding=\"0px||0px||false|false\" hover_enabled=\"0\" sticky_enabled=\"0\"][et_pb_column type=\"4_4\" _builder_version=\"4.8.1\" _module_preset=\"default\"][et_pb_video src=\"https:\/\/www.youtube.com\/watch?v=SuznVwp6CuE\" admin_label=\"Video\" _builder_version=\"4.8.1\" _module_preset=\"default\" min_height=\"656px\" custom_padding=\"55px||||false|false\"][\/et_pb_video][\/et_pb_column][\/et_pb_row][et_pb_row column_structure=\"1_2,1_2\" _builder_version=\"4.8.1\" _module_preset=\"default\" max_width=\"1440px\" custom_margin=\"60px||||false|false\" custom_padding=\"0px||0px||false|false\" hover_enabled=\"0\" sticky_enabled=\"0\"][et_pb_column type=\"1_2\" _builder_version=\"4.8.1\" _module_preset=\"default\"][et_pb_gallery gallery_ids=\"1223,1228,1232,1226,1234\" fullwidth=\"on\" _builder_version=\"4.8.1\" _module_preset=\"default\" z_index=\"62\" animation_style=\"slide\" auto=\"on\" scroll_horizontal_motion=\"0|50|50|50|4|0|-4\" hover_enabled=\"0\" sticky_enabled=\"0\"][\/et_pb_gallery][\/et_pb_column][et_pb_column type=\"1_2\" _builder_version=\"4.8.1\" _module_preset=\"default\"][et_pb_text _builder_version=\"4.8.1\" _module_preset=\"default\" hover_enabled=\"0\" max_width__hover_enabled=\"off|desktop\" sticky_enabled=\"0\"]\r\n<h2>APOLLO PUNCH DOWN SYSTEM<\/h2>\r\n<p style=\"text-align: justify\">The Tecme Apollo is an automatic punch down machine builit on a Stainless steel Aisi 304 frame with 4 casters. The plant is movable so to be place over the fermentation tank in order to enable the punching down cycle to the pomace.<\/p>\r\n<p style=\"text-align: justify\">The punching down disc performs several thrusts inside the tank in predetermined positions, automatically starting from the central position moving then to all the sorrounding area, thus managing to cover the entire surface of the tank.<\/p>\r\n<p style=\"text-align: justify\">The cycle is managed by a PLC with different programs according the work method. The system is completed by a double pneumatic cylinder which permits to obtain major depth\/profundity in the punching down process.<\/p>\r\n<p style=\"text-align: justify\">The cylinders are made in polished stainless steel\u00a0 so to guarantee a better cleaning\/hygiene condition.<\/p>\r\n[\/et_pb_text][\/et_pb_column][\/et_pb_row][\/et_pb_section]","_et_gb_content_width":""},"product_cat":[70],"product_tag":[],"_links":{"self":[{"href":"https:\/\/www.tecmeinternational.it\/it\/wp-json\/wp\/v2\/product\/1277"}],"collection":[{"href":"https:\/\/www.tecmeinternational.it\/it\/wp-json\/wp\/v2\/product"}],"about":[{"href":"https:\/\/www.tecmeinternational.it\/it\/wp-json\/wp\/v2\/types\/product"}],"wp:featuredmedia":[{"embeddable":true,"href":"https:\/\/www.tecmeinternational.it\/it\/wp-json\/wp\/v2\/media\/1220"}],"wp:attachment":[{"href":"https:\/\/www.tecmeinternational.it\/it\/wp-json\/wp\/v2\/media?parent=1277"}],"wp:term":[{"taxonomy":"product_cat","embeddable":true,"href":"https:\/\/www.tecmeinternational.it\/it\/wp-json\/wp\/v2\/product_cat?post=1277"},{"taxonomy":"product_tag","embeddable":true,"href":"https:\/\/www.tecmeinternational.it\/it\/wp-json\/wp\/v2\/product_tag?post=1277"}],"curies":[{"name":"wp","href":"https:\/\/api.w.org\/{rel}","templated":true}]}}