{"id":685,"date":"2021-02-24T08:38:11","date_gmt":"2021-02-24T08:38:11","guid":{"rendered":"https:\/\/www.tecmeinternational.it\/about-us\/"},"modified":"2021-06-17T14:22:03","modified_gmt":"2021-06-17T14:22:03","slug":"about-us","status":"publish","type":"page","link":"https:\/\/www.tecmeinternational.it\/it\/about-us\/","title":{"rendered":"Chi Siamo"},"content":{"rendered":"<p>[et_pb_section fb_built=&#8221;1&#8243; inner_shadow=&#8221;on&#8221; _builder_version=&#8221;4.8.1&#8243; _module_preset=&#8221;default&#8221; background_color=&#8221;#32262f&#8221; background_enable_image=&#8221;off&#8221; module_alignment=&#8221;center&#8221; height=&#8221;300px&#8221; custom_margin=&#8221;30px||0px||false|false&#8221; custom_padding=&#8221;0px||0px||false|false&#8221;][et_pb_row _builder_version=&#8221;4.8.1&#8243; _module_preset=&#8221;default&#8221; module_alignment=&#8221;center&#8221; custom_margin=&#8221;0px||0px||false|false&#8221; custom_padding=&#8221;0px||0px||false|false&#8221;][et_pb_column type=&#8221;4_4&#8243; _builder_version=&#8221;4.8.1&#8243; _module_preset=&#8221;default&#8221;][et_pb_text _builder_version=&#8221;4.8.1&#8243; _module_preset=&#8221;default&#8221; header_text_align=&#8221;center&#8221; header_text_color=&#8221;#FFFFFF&#8221; header_font_size=&#8221;60px&#8221; header_3_font=&#8221;Merriweather||||||||&#8221; header_3_text_color=&#8221;#FFFFFF&#8221; header_3_font_size=&#8221;26px&#8221; header_3_line_height=&#8221;1.5em&#8221; text_orientation=&#8221;center&#8221; header_text_shadow_style=&#8221;preset4&#8243; header_text_shadow_vertical_length=&#8221;0.02em&#8221; header_3_text_shadow_style=&#8221;preset4&#8243; header_3_text_shadow_vertical_length=&#8221;0.02em&#8221;]<\/p>\n<h1>CHI SIAMO<\/h1>\n<p>[\/et_pb_text][\/et_pb_column][\/et_pb_row][\/et_pb_section][et_pb_section fb_built=&#8221;1&#8243; admin_label=&#8221;Feature&#8221; _builder_version=&#8221;4.8.1&#8243; background_color=&#8221;#FFFFFF&#8221; background_color_gradient_direction=&#8221;90deg&#8221; background_enable_image=&#8221;off&#8221; custom_margin=&#8221;||0px||false|false&#8221; custom_padding=&#8221;||70px||false|false&#8221; top_divider_color=&#8221;#FFFFFF&#8221; top_divider_flip=&#8221;vertical&#8221; bottom_divider_color=&#8221;#392d63&#8243; background_last_edited=&#8221;on|desktop&#8221; background_color_gradient_start_position_tablet=&#8221;80%&#8221;][et_pb_row column_structure=&#8221;1_2,1_2&#8243; _builder_version=&#8221;4.8.1&#8243; _module_preset=&#8221;default&#8221; max_width=&#8221;2560px&#8221; custom_margin=&#8221;0px||0px||false|false&#8221; custom_padding=&#8221;0px||0px||false|false&#8221;][et_pb_column type=&#8221;1_2&#8243; _builder_version=&#8221;4.8.1&#8243; _module_preset=&#8221;default&#8221;][et_pb_text _builder_version=&#8221;4.9.7&#8243; _module_preset=&#8221;default&#8221; text_font=&#8221;Roboto|300|||||||&#8221; header_3_font_size=&#8221;30px&#8221; hover_enabled=&#8221;0&#8243; sticky_enabled=&#8221;0&#8243;]<\/p>\n<h3><strong>MADE IN TECME. UNA SCELTA VINCENTE DA SEMPRE<\/strong><\/h3>\n<p>Tecme International Srl vanta una consolidata esperienza nel settore alimentare, pi\u00f9 precisamente nel settore enologico.<\/p>\n<p>Nel corso degli anni l&#8217;Azienda si \u00e8 specializzata nella progettazione di soluzioni personalizzate per il ricevimento, il trasporto e la trasformazione delle uve, con particolare attenzione al lavaggio e alla sanificazione delle barriques.<\/p>\n<p>Ci\u00f2 che da sempre contraddistingue Tecme International Srl \u00e8 la volont\u00e0 e, soprattutto, la capacit\u00e0 di rispondere in pieno alle richieste dei clienti, studiando e analizzando nel dettaglio ogni richiesta per soddisfare appieno le loro esigenze con soluzioni personalizzate e innovative.<\/p>\n<p>Questo modus operandi ha permesso all&#8217;azienda di crescere e affermarsi, diventando un importante riferimento nel settore, sia in Italia che all&#8217;estero.<\/p>\n<p>[\/et_pb_text][\/et_pb_column][et_pb_column type=&#8221;1_2&#8243; _builder_version=&#8221;4.8.1&#8243; _module_preset=&#8221;default&#8221;][et_pb_image src=&#8221;https:\/\/www.tecmeinternational.it\/wp-content\/uploads\/2021\/02\/chi-siamo.jpg&#8221; title_text=&#8221;chi siamo&#8221; _builder_version=&#8221;4.8.1&#8243; _module_preset=&#8221;default&#8221;][\/et_pb_image][\/et_pb_column][\/et_pb_row][\/et_pb_section]<\/p>\n","protected":false},"excerpt":{"rendered":"<p>CHI SIAMOMADE IN TECME. UNA SCELTA VINCENTE DA SEMPRE Tecme International Srl vanta una consolidata esperienza nel settore alimentare, pi\u00f9 precisamente nel settore enologico. Nel corso degli anni l&#8217;Azienda si \u00e8 specializzata nella progettazione di soluzioni personalizzate per il ricevimento, il trasporto e la trasformazione delle uve, con particolare attenzione al lavaggio e alla sanificazione [&hellip;]<\/p>\n","protected":false},"author":500,"featured_media":0,"parent":0,"menu_order":0,"comment_status":"closed","ping_status":"closed","template":"","meta":{"_et_pb_use_builder":"on","_et_pb_old_content":"","_et_gb_content_width":"","footnotes":""},"_links":{"self":[{"href":"https:\/\/www.tecmeinternational.it\/it\/wp-json\/wp\/v2\/pages\/685"}],"collection":[{"href":"https:\/\/www.tecmeinternational.it\/it\/wp-json\/wp\/v2\/pages"}],"about":[{"href":"https:\/\/www.tecmeinternational.it\/it\/wp-json\/wp\/v2\/types\/page"}],"author":[{"embeddable":true,"href":"https:\/\/www.tecmeinternational.it\/it\/wp-json\/wp\/v2\/users\/500"}],"replies":[{"embeddable":true,"href":"https:\/\/www.tecmeinternational.it\/it\/wp-json\/wp\/v2\/comments?post=685"}],"version-history":[{"count":8,"href":"https:\/\/www.tecmeinternational.it\/it\/wp-json\/wp\/v2\/pages\/685\/revisions"}],"predecessor-version":[{"id":2147,"href":"https:\/\/www.tecmeinternational.it\/it\/wp-json\/wp\/v2\/pages\/685\/revisions\/2147"}],"wp:attachment":[{"href":"https:\/\/www.tecmeinternational.it\/it\/wp-json\/wp\/v2\/media?parent=685"}],"curies":[{"name":"wp","href":"https:\/\/api.w.org\/{rel}","templated":true}]}}