{"id":3,"date":"2021-01-11T14:10:37","date_gmt":"2021-01-11T14:10:37","guid":{"rendered":"https:\/\/tecmeinternational.it\/?page_id=3"},"modified":"2023-05-31T08:00:02","modified_gmt":"2023-05-31T08:00:02","slug":"privacy-policy","status":"publish","type":"page","link":"https:\/\/www.tecmeinternational.it\/it\/privacy-policy\/","title":{"rendered":"Privacy e Cookie Policy"},"content":{"rendered":"<p>[et_pb_section fb_built=&#8221;1&#8243; inner_shadow=&#8221;on&#8221; _builder_version=&#8221;4.8.1&#8243; _module_preset=&#8221;default&#8221; background_color=&#8221;#32262f&#8221; background_enable_image=&#8221;off&#8221; module_alignment=&#8221;center&#8221; height=&#8221;300px&#8221; custom_margin=&#8221;30px||0px||false|false&#8221; custom_padding=&#8221;0px||0px||false|false&#8221;][et_pb_row _builder_version=&#8221;4.8.1&#8243; _module_preset=&#8221;default&#8221; module_alignment=&#8221;center&#8221; custom_margin=&#8221;0px||0px||false|false&#8221; custom_padding=&#8221;0px||0px||false|false&#8221;][et_pb_column type=&#8221;4_4&#8243; _builder_version=&#8221;4.8.1&#8243; _module_preset=&#8221;default&#8221;][et_pb_text admin_label=&#8221;TITOLO PAGINA&#8221; _builder_version=&#8221;4.9.7&#8243; _module_preset=&#8221;default&#8221; header_text_align=&#8221;center&#8221; header_text_color=&#8221;#FFFFFF&#8221; header_font_size=&#8221;60px&#8221; header_3_font=&#8221;Merriweather||||||||&#8221; header_3_text_color=&#8221;#FFFFFF&#8221; header_3_font_size=&#8221;26px&#8221; header_3_line_height=&#8221;1.5em&#8221; text_orientation=&#8221;center&#8221; header_text_shadow_style=&#8221;preset4&#8243; header_text_shadow_vertical_length=&#8221;0.02em&#8221; header_3_text_shadow_style=&#8221;preset4&#8243; header_3_text_shadow_vertical_length=&#8221;0.02em&#8221;]<\/p>\n<h1>INFORMATIVA PRIVACY &#038; COOKIE<\/h1>\n<p>[\/et_pb_text][\/et_pb_column][\/et_pb_row][\/et_pb_section][et_pb_section fb_built=&#8221;1&#8243; admin_label=&#8221;Feature&#8221; _builder_version=&#8221;4.9.7&#8243; background_color=&#8221;#FFFFFF&#8221; background_color_gradient_direction=&#8221;90deg&#8221; background_enable_image=&#8221;off&#8221; custom_margin=&#8221;||0px||false|false&#8221; custom_padding=&#8221;||70px||false|false&#8221; top_divider_color=&#8221;#FFFFFF&#8221; top_divider_flip=&#8221;vertical&#8221; bottom_divider_color=&#8221;#392d63&#8243; background_last_edited=&#8221;on|desktop&#8221; background_color_gradient_start_position_tablet=&#8221;80%&#8221;][et_pb_row _builder_version=&#8221;4.8.1&#8243; _module_preset=&#8221;default&#8221; max_width=&#8221;2560px&#8221; custom_margin=&#8221;0px||0px||false|false&#8221; custom_padding=&#8221;0px||0px||false|false&#8221;][et_pb_column type=&#8221;4_4&#8243; _builder_version=&#8221;4.8.1&#8243; _module_preset=&#8221;default&#8221;][et_pb_text admin_label=&#8221;PRIVACY&#8221; _builder_version=&#8221;4.9.7&#8243; _module_preset=&#8221;default&#8221; header_3_font_size=&#8221;30px&#8221;]<\/p>\n<h2>INFORMATIVA E CONSENSO AL TRATTAMENTO DEI DATI PERSONALI (art. 13 Regolamento Europeo 2016\/679)<\/h2>\n<h3>\u00a0<\/h3>\n<h3>Identit\u00e0 e dati di contatto del titolare del trattamento<\/h3>\n<p>Il Titolare del trattamento \u00e8 Tecme International Srl, Via Lazio, 8, 61122 Pesaro PU. Per qualsiasi necessit\u00e0 in materia di trattamento dei dati personali lei potr\u00e0 contattarci via mail all\u2019indirizzo <a href=\"mailto:info@tecmeinternational.it\">info@tecmeinternational.it<\/a><\/p>\n<h3>Finalit\u00e0 e base giuridica del trattamento<\/h3>\n<p>I suoi dati personali, raccolti direttamente dal Titolare, sono trattati nel rispetto dei principi di correttezza, liceit\u00e0 e trasparenza per le seguenti finalit\u00e0:<\/p>\n<ol>\n<li>Invio di informazioni relative ai nostri prodotti ed alle nostre iniziative a seguito della sua compilazione del form presente nel sito alla sezione \u201cContattaci\u201d (trattamento necessario all\u2019esecuzione di misure precontrattuali)<\/li>\n<li>Esecuzione delle prestazioni a nostro carico nell\u2019ambito del Servizio Assistenza Post-Vendita, (trattamento necessario per l\u2019esecuzione di un contratto di cui l\u2019interessato \u00e8 parte)<\/li>\n<li>Invio di comunicazioni tramite posta tradizionale, posta elettronica, telefono, messaggistica, a carattere informativo e promozionale inerenti i nostri prodotti, servizi ed iniziative (trattamento basato sul consenso)<\/li>\n<\/ol>\n<p>Il trattamento dei suoi dati sar\u00e0 effettuato da nostro personale interno autorizzato al trattamento e, per nostro conto, da soggetti esterni, formalmente nominati Responsabili del trattamento, di cui Lei potr\u00e0 richiedere elenco.<\/p>\n<h3>Destinatari dei dati personali<\/h3>\n<p>Nell\u2019ambito dei trattamenti sopra elencati i suoi dati personali potranno essere comunicati in formato cartaceo e\/o elettronico alle seguenti categorie di destinatari:<\/p>\n<ul>\n<li>Officine di assistenza autorizzate<\/li>\n<li>Soggetti gestori del sistema informatico<\/li>\n<\/ul>\n<h3>Obbligo di fornirci i suoi dati<\/h3>\n<p>La fornitura dei suoi dati personali \u00e8 necessaria per la gestione dei rapporti precontrattuali e contrattuali (in particolare servizio di assistenza) e conseguentemente la loro mancata o incompleta fornitura non consentir\u00e0 la fornitura delle informazioni richieste.<\/p>\n<p>Nel caso di mancata prestazione del consenso relativamente al trattamento di cui alla lettera c), Lei non potr\u00e0 ricevere comunicazione relativa a prodotti o servizi destinati a nostri clienti o potenziali clienti.<\/p>\n<h3>Periodo di conservazione dei dati<\/h3>\n<p>I suoi dati personali saranno conservati per tutto il tempo necessario alla gestione del rapporto contrattuale e comunque per la durata prevista da obblighi di legge. Per il trattamento di cui alla lettera c) i suoi dati verranno conservati per la durata di 5 anni.<\/p>\n<h3>Diritti dell\u2019interessato<\/h3>\n<p>Lei potr\u00e0 chiedere tramite mail all\u2019indirizzo <a href=\"mailto:info@tecmeinternational.it\">info@tecmeinternational.it<\/a>, l\u2019accesso ai suoi dati personali, la rettifica, la cancellazione, la limitazione o l\u2019opposizione del trattamento oltre che la portabilit\u00e0 dei dati (art. 20 del Regolamento UE 2016\/679). Lei potr\u00e0 altres\u00ec revocare il consenso al trattamento previsto alla lettera d) senza ci\u00f2 che influisca sui trattamenti eseguiti prima della suddetta revoca.<\/p>\n<h3>Diritto di proporre reclamo all\u2019Autorit\u00e0 di controllo<\/h3>\n<p>Lei potr\u00e0, nel caso ritenga che il trattamento di dati che la riguardano violi il Regolamento 2016\/679, proporre reclamo all\u2019Autorit\u00e0 Garante per la protezione dei dati personali<\/p>\n<p>[\/et_pb_text][et_pb_text admin_label=&#8221;COOKIE&#8221; _builder_version=&#8221;4.9.7&#8243; _module_preset=&#8221;default&#8221; header_3_font_size=&#8221;30px&#8221; hover_enabled=&#8221;0&#8243; sticky_enabled=&#8221;0&#8243;]<\/p>\n<h2>\u00a0<\/h2>\n<h2>UTILIZZO DEI COOKIE<\/h2>\n<p>Nel nostro sito web sono utilizzati dei cookie. I cookie sono piccoli file di testo inviati al browser dell\u2019utente, dove vengono memorizzati per essere poi ritrasmessi agli stessi siti alla successiva visita del medesimo utente. Nel corso della navigazione su un sito, l\u2019utente pu\u00f2 ricevere sul suo terminale anche cookie di siti o di web server diversi (c.d. cookie di \u201cterze parti\u201d); ci\u00f2 accade perch\u00e9 sul sito web visitato possono essere presenti elementi come, ad esempio, immagini, mappe, suoni, specifici link a pagine web di altri domini che risiedono su server diversi da quello sul quale si trova la pagina richiesta. Il Titolare del trattamento dei dati la informa che nel proprio sito web sono presenti cookie di due tipologie:<\/p>\n<ul>\n<li>cookie di sessione;<\/li>\n<li>cookie persistenti di terze parti<\/li>\n<\/ul>\n<h3>COOKIE DI TECNICI O DI SESSIONE<\/h3>\n<p>L\u2019uso di cookie di tecnici o di sessione (che non vengono memorizzati in modo persistente sul computer dell\u2019utente e svaniscono alla scadenza) \u00e8 strettamente limitato alla trasmissione di identificativi di sessione (costituiti da numeri casuali generati dal server) necessari per consentire l\u2019esplorazione sicura ed efficiente del sito.<\/p>\n<ul>\n<li class=\"service\" data-service-id=\"hiCookie\">\n<div class=\"_header\">\n<div class=\"name-wrap\">\n<div class=\"_name\">Hi Cookie<\/div>\n<\/div>\n<div class=\"description-wrap\">\n<div class=\"_description\">Cookies necessari per il funzionamento della soluzione adottata da questo sito per essere in regola con la normativa GDPR<\/div>\n<\/div>\n<\/div>\n<table class=\"cookies\">\n<tbody>\n<tr>\n<td class=\"_label\">hicookie-*<\/td>\n<td class=\"_description\">Memorizza lo stato del consenso ai cookie dell&#8217;utente per il dominio corrente<\/td>\n<td class=\"_expiry\">6 mesi<\/td>\n<\/tr>\n<\/tbody>\n<\/table>\n<\/li>\n<li class=\"service\" data-service-id=\"Google_reCAPTCHA\">\n<div class=\"_header\">\n<div class=\"name-wrap\">\n<div class=\"_name\">reCAPTCHA di Google<\/div>\n<\/div>\n<div class=\"description-wrap\">\n<div class=\"_description\">Questo cookie \u00e8 impostato da Google. La funzionalit\u00e0 \u00e8 quella di fornire protezione antispam.<\/div>\n<\/div>\n<\/div>\n<table class=\"cookies\">\n<tbody>\n<tr>\n<td class=\"_label\">_GRECAPTCHA<\/td>\n<td class=\"_description\">reCapthca imposta un cookie necessario, allo scopo di fornire la sua analisi dei rischi.<\/td>\n<td class=\"_expiry\">179 giorni<\/td>\n<\/tr>\n<\/tbody>\n<\/table>\n<\/li>\n<li class=\"service\" data-service-id=\"wpml\">\n<div class=\"_header\">\n<div class=\"name-wrap\">\n<div class=\"_name\">WPML gestione lingua<\/div>\n<\/div>\n<div class=\"description-wrap\">\n<div class=\"_description\">Cookies necessari la gestione della lingua corrente<\/div>\n<\/div>\n<\/div>\n<table class=\"cookies\">\n<tbody>\n<tr>\n<td class=\"_label\">wpml_browser_redirect_test<\/td>\n<td class=\"_description\">Controlla se i cookie sono abilitati<\/td>\n<td class=\"_expiry\">Sessione<\/td>\n<\/tr>\n<tr>\n<td class=\"_label\">_icl_visitor_lang_js<\/td>\n<td class=\"_description\">Gestisce il cambio della lingua<\/td>\n<td class=\"_expiry\">1 giorno<\/td>\n<\/tr>\n<\/tbody>\n<\/table>\n<\/li>\n<li class=\"service\" data-service-id=\"wordpress\">\n<div class=\"_header\">\n<div class=\"name-wrap\">\n<div class=\"_name\">WordPress<\/div>\n<\/div>\n<div class=\"description-wrap\">\n<div class=\"_description\">Cookies necessari per il funzionamento di WordPress (es. login)<\/div>\n<\/div>\n<\/div>\n<table class=\"cookies\">\n<tbody>\n<tr>\n<td class=\"_label\">wordpress_*<\/td>\n<td class=\"_description\">Cookies necessari per il funzionamento di WordPress.<\/td>\n<td class=\"_expiry\">Session<\/td>\n<\/tr>\n<\/tbody>\n<\/table>\n<\/li>\n<li class=\"service\" data-service-id=\"woocommerce\">\n<div class=\"_header\">\n<div class=\"name-wrap\">\n<div class=\"_name\">Woocommerce<\/div>\n<\/div>\n<div class=\"description-wrap\">\n<div class=\"_description\">Cookies necessari per il funzionamento di woocommerce (es. carrello, pagamenti etc.)<\/div>\n<\/div>\n<\/div>\n<table class=\"cookies\">\n<tbody>\n<tr>\n<td class=\"_label\">woocommerce_*<\/td>\n<td class=\"_description\">Cookies necessari per il funzionamento di woocommerce.<\/td>\n<td class=\"_expiry\">Session<\/td>\n<\/tr>\n<tr>\n<td class=\"_label\">wp_woocommerce_*<\/td>\n<td class=\"_description\">Cookies necessari per il funzionamento di woocommerce.<\/td>\n<td class=\"_expiry\">Session<\/td>\n<\/tr>\n<\/tbody>\n<\/table>\n<\/li>\n<\/ul>\n<h3>Cookie di terze parti<\/h3>\n<p><strong>Cookie di Google Analytics.<\/strong><br \/>Il nostro sito web utilizza Google Analytics esclusivamente per scopi statistici. I cookie in questione raccolgono informazioni in forma aggregata al fine di monitorare e analizzare gli accessi a tutte le aree del sito. Le informazioni generate dal cookie sull\u2019utilizzo del sito web vengono comunicate a Google Inc. al cui sito web https:\/\/tools.google.com\/dlpage\/gaoptout espressamente si rimanda per maggiori dettagli e per disabilitare il loro salvataggio sul terminale dell\u2019utente giacch\u00e9 il loro utilizzo ai fini della navigazione sul nostro sito \u00e8 assolutamente facoltativo.<\/p>\n<div class=\"_header\">\n<div class=\"name-wrap\">\n<div class=\"_name\">Google Analyitics<\/div>\n<\/div>\n<div class=\"description-wrap\">\n<div class=\"_description\">\u00a0<\/div>\n<\/div>\n<\/div>\n<table class=\"cookies\">\n<tbody>\n<tr>\n<td class=\"_label\">_ga<\/td>\n<td class=\"_description\">Questo cookie \u00e8 installato da Google Analytics. Il cookie viene utilizzato per calcolare i dati di visitatori, sessioni, campagne e tenere traccia dell&#8217;utilizzo del sito per il report di analisi del sito. I cookie memorizzano le informazioni in modo anonimo e assegnano un numero generato casualmente per identificare i visitatori unici.<\/td>\n<td class=\"_expiry\">400 giorni<\/td>\n<\/tr>\n<tr>\n<td class=\"_label\">_ga_PCTCS7X0PE<\/td>\n<td class=\"_description\">Cookie installato da Google analytics, utilizzato per registrare e contare le visualizzazioni di pagine.<\/td>\n<td class=\"_expiry\">400 giorni<\/td>\n<\/tr>\n<\/tbody>\n<\/table>\n<h3 class=\"fusion-responsive-typography-calculated\" data-fontsize=\"24\" data-lineheight=\"36px\">Come gestire i Cookie<\/h3>\n<p>Alla prima apertura del sito compare un banner dove \u00e8 possibile impostare le proprie preferenze sui cookie. Successivamente potrete modificare le vostre preferenze sull&#8217;uso dei cookie utilizzando il bottone &#8220;Rivedi il consenso ai cookie&#8221; presente in tutte le pagine del sito internet.<\/p>\n<p>In alternativa, puoi rifiutare di accettare i cookie da questo Sito in ogni momento semplicemente selezionando, sul tuo browser, le impostazioni che consentono di rifiutarli. Ulteriori informazioni in merito alle procedure da seguire per disabilitare i cookie possono essere trovate sul sito internet del fornitore del tuo browser o attraverso gli strumenti di \u201chelp\u201d disponibili nella guida del browser.<\/p>\n<p>Pu\u00f2 fare riferimento a questa pagina<a href=\"https:\/\/www.aranzulla.it\/come-bloccare-i-cookie-726547.html\"> https:\/\/www.allaboutcookies.org\/manage-cookies\/<\/a> per informazioni sui browser pi\u00f9 comunemente utilizzati. Si ricordi che, se disabilita i cookie, non tutte le funzioni del Sito potrebbero essere disponibili.<\/p>\n<h3 class=\"fusion-responsive-typography-calculated\" data-fontsize=\"24\" data-lineheight=\"36px\">Gestione dei dati<\/h3>\n<p>I dati personali eventualmente contenuti nei cookie presenti sul nostro sito non vengono diffusi e sono trattati con strumenti automatizzati per il tempo strettamente necessario a conseguire gli scopi per cui sono stati raccolti. Specifiche misure di sicurezza sono applicate per prevenire la perdita dei dati, usi illeciti o non corretti ed accessi non autorizzati o non conformi alle finalit\u00e0 della raccolta.<\/p>\n<p>[\/et_pb_text][\/et_pb_column][\/et_pb_row][\/et_pb_section]<\/p>\n","protected":false},"excerpt":{"rendered":"<p>INFORMATIVA PRIVACY &#038; COOKIEINFORMATIVA E CONSENSO AL TRATTAMENTO DEI DATI PERSONALI (art. 13 Regolamento Europeo 2016\/679) \u00a0 Identit\u00e0 e dati di contatto del titolare del trattamento Il Titolare del trattamento \u00e8 Tecme International Srl, Via Lazio, 8, 61122 Pesaro PU. Per qualsiasi necessit\u00e0 in materia di trattamento dei dati personali lei potr\u00e0 contattarci via mail [&hellip;]<\/p>\n","protected":false},"author":500,"featured_media":0,"parent":0,"menu_order":0,"comment_status":"closed","ping_status":"open","template":"","meta":{"_et_pb_use_builder":"on","_et_pb_old_content":"<!-- wp:heading --><h2>Who we are<\/h2><!-- \/wp:heading --><!-- wp:paragraph --><p>Our website address is: https:\/\/tecmeinternational.it.<\/p><!-- \/wp:paragraph --><!-- wp:heading --><h2>What personal data we collect and why we collect it<\/h2><!-- \/wp:heading --><!-- wp:heading {\"level\":3} --><h3>Comments<\/h3><!-- \/wp:heading --><!-- wp:paragraph --><p>When visitors leave comments on the site we collect the data shown in the comments form, and also the visitor\u2019s IP address and browser user agent string to help spam detection.<\/p><!-- \/wp:paragraph --><!-- wp:paragraph --><p>An anonymized string created from your email address (also called a hash) may be provided to the Gravatar service to see if you are using it. The Gravatar service privacy policy is available here: https:\/\/automattic.com\/privacy\/. After approval of your comment, your profile picture is visible to the public in the context of your comment.<\/p><!-- \/wp:paragraph --><!-- wp:heading {\"level\":3} --><h3>Media<\/h3><!-- \/wp:heading --><!-- wp:paragraph --><p>If you upload images to the website, you should avoid uploading images with embedded location data (EXIF GPS) included. Visitors to the website can download and extract any location data from images on the website.<\/p><!-- \/wp:paragraph --><!-- wp:heading {\"level\":3} --><h3>Contact forms<\/h3><!-- \/wp:heading --><!-- wp:heading {\"level\":3} --><h3>Cookies<\/h3><!-- \/wp:heading --><!-- wp:paragraph --><p>If you leave a comment on our site you may opt-in to saving your name, email address and website in cookies. These are for your convenience so that you do not have to fill in your details again when you leave another comment. These cookies will last for one year.<\/p><!-- \/wp:paragraph --><!-- wp:paragraph --><p>If you visit our login page, we will set a temporary cookie to determine if your browser accepts cookies. This cookie contains no personal data and is discarded when you close your browser.<\/p><!-- \/wp:paragraph --><!-- wp:paragraph --><p>When you log in, we will also set up several cookies to save your login information and your screen display choices. Login cookies last for two days, and screen options cookies last for a year. If you select \"Remember Me\", your login will persist for two weeks. If you log out of your account, the login cookies will be removed.<\/p><!-- \/wp:paragraph --><!-- wp:paragraph --><p>If you edit or publish an article, an additional cookie will be saved in your browser. This cookie includes no personal data and simply indicates the post ID of the article you just edited. It expires after 1 day.<\/p><!-- \/wp:paragraph --><!-- wp:heading {\"level\":3} --><h3>Embedded content from other websites<\/h3><!-- \/wp:heading --><!-- wp:paragraph --><p>Articles on this site may include embedded content (e.g. videos, images, articles, etc.). Embedded content from other websites behaves in the exact same way as if the visitor has visited the other website.<\/p><!-- \/wp:paragraph --><!-- wp:paragraph --><p>These websites may collect data about you, use cookies, embed additional third-party tracking, and monitor your interaction with that embedded content, including tracking your interaction with the embedded content if you have an account and are logged in to that website.<\/p><!-- \/wp:paragraph --><!-- wp:heading {\"level\":3} --><h3>Analytics<\/h3><!-- \/wp:heading --><!-- wp:heading --><h2>Who we share your data with<\/h2><!-- \/wp:heading --><!-- wp:paragraph --><p>If you request a password reset, your IP address will be included in the reset email.<\/p><!-- \/wp:paragraph --><!-- wp:heading --><h2>How long we retain your data<\/h2><!-- \/wp:heading --><!-- wp:paragraph --><p>If you leave a comment, the comment and its metadata are retained indefinitely. This is so we can recognize and approve any follow-up comments automatically instead of holding them in a moderation queue.<\/p><!-- \/wp:paragraph --><!-- wp:paragraph --><p>For users that register on our website (if any), we also store the personal information they provide in their user profile. All users can see, edit, or delete their personal information at any time (except they cannot change their username). Website administrators can also see and edit that information.<\/p><!-- \/wp:paragraph --><!-- wp:heading --><h2>What rights you have over your data<\/h2><!-- \/wp:heading --><!-- wp:paragraph --><p>If you have an account on this site, or have left comments, you can request to receive an exported file of the personal data we hold about you, including any data you have provided to us. You can also request that we erase any personal data we hold about you. This does not include any data we are obliged to keep for administrative, legal, or security purposes.<\/p><!-- \/wp:paragraph --><!-- wp:heading --><h2>Where we send your data<\/h2><!-- \/wp:heading --><!-- wp:paragraph --><p>Visitor comments may be checked through an automated spam detection service.<\/p><!-- \/wp:paragraph --><!-- wp:heading --><h2>Your contact information<\/h2><!-- \/wp:heading --><!-- wp:heading --><h2>Additional information<\/h2><!-- \/wp:heading --><!-- wp:heading {\"level\":3} --><h3>How we protect your data<\/h3><!-- \/wp:heading --><!-- wp:heading {\"level\":3} --><h3>What data breach procedures we have in place<\/h3><!-- \/wp:heading --><!-- wp:heading {\"level\":3} --><h3>What third parties we receive data from<\/h3><!-- \/wp:heading --><!-- wp:heading {\"level\":3} --><h3>What automated decision making and\/or profiling we do with user data<\/h3><!-- \/wp:heading --><!-- wp:heading {\"level\":3} --><h3>Industry regulatory disclosure requirements<\/h3><!-- \/wp:heading -->","_et_gb_content_width":"","footnotes":""},"_links":{"self":[{"href":"https:\/\/www.tecmeinternational.it\/it\/wp-json\/wp\/v2\/pages\/3"}],"collection":[{"href":"https:\/\/www.tecmeinternational.it\/it\/wp-json\/wp\/v2\/pages"}],"about":[{"href":"https:\/\/www.tecmeinternational.it\/it\/wp-json\/wp\/v2\/types\/page"}],"author":[{"embeddable":true,"href":"https:\/\/www.tecmeinternational.it\/it\/wp-json\/wp\/v2\/users\/500"}],"replies":[{"embeddable":true,"href":"https:\/\/www.tecmeinternational.it\/it\/wp-json\/wp\/v2\/comments?post=3"}],"version-history":[{"count":17,"href":"https:\/\/www.tecmeinternational.it\/it\/wp-json\/wp\/v2\/pages\/3\/revisions"}],"predecessor-version":[{"id":2372,"href":"https:\/\/www.tecmeinternational.it\/it\/wp-json\/wp\/v2\/pages\/3\/revisions\/2372"}],"wp:attachment":[{"href":"https:\/\/www.tecmeinternational.it\/it\/wp-json\/wp\/v2\/media?parent=3"}],"curies":[{"name":"wp","href":"https:\/\/api.w.org\/{rel}","templated":true}]}}